{"id":15133,"date":"2024-03-07T22:12:23","date_gmt":"2024-03-07T21:12:23","guid":{"rendered":"https:\/\/www.promotio.sk\/shop\/nezaraden\u00e9\/fengi\/"},"modified":"2024-03-07T22:12:57","modified_gmt":"2024-03-07T21:12:57","slug":"fengi","status":"publish","type":"product","link":"https:\/\/www.promotio.sk\/cs\/shop\/promo-items\/bottles_thermos_\/thermos\/fengi\/","title":{"rendered":"FENGI"},"content":{"rendered":"<p>304 steel thermos with double wall and bamboo. 420 ml capacity. Includes carrying strap. An elegant and whole thermos.<br \/>Composition: Stainless steel and bamboo.<br \/>Pozn\u00e1mky: Tepeln\u00e1 kapacita: 6 hodin za tepla a 15 hodin za studena.<br \/>\nProti odkap\u00e1v\u00e1n\u00ed.<br \/>\nPrezentace v eko designov\u00e9 krabici.<br \/>\nNevhodn\u00e9 do my\u010dky.<\/p>","protected":false},"excerpt":{"rendered":"<p>304 steel thermos with double wall and bamboo. 420 ml capacity. Includes carrying strap. An elegant and whole thermos.Composition: Stainless<\/p>","protected":false},"featured_media":15134,"comment_status":"open","ping_status":"closed","template":"","meta":[],"product_cat":[364,365],"product_tag":[],"class_list":{"0":"post-15133","1":"product","2":"type-product","3":"status-publish","4":"has-post-thumbnail","6":"product_cat-bottles_thermos_","7":"product_cat-thermos","9":"first","10":"instock","11":"shipping-taxable","12":"purchasable","13":"product-type-variable"},"_links":{"self":[{"href":"https:\/\/www.promotio.sk\/cs\/wp-json\/wp\/v2\/product\/15133","targetHints":{"allow":["GET"]}}],"collection":[{"href":"https:\/\/www.promotio.sk\/cs\/wp-json\/wp\/v2\/product"}],"about":[{"href":"https:\/\/www.promotio.sk\/cs\/wp-json\/wp\/v2\/types\/product"}],"replies":[{"embeddable":true,"href":"https:\/\/www.promotio.sk\/cs\/wp-json\/wp\/v2\/comments?post=15133"}],"wp:featuredmedia":[{"embeddable":true,"href":"https:\/\/www.promotio.sk\/cs\/wp-json\/wp\/v2\/media\/15134"}],"wp:attachment":[{"href":"https:\/\/www.promotio.sk\/cs\/wp-json\/wp\/v2\/media?parent=15133"}],"wp:term":[{"taxonomy":"product_cat","embeddable":true,"href":"https:\/\/www.promotio.sk\/cs\/wp-json\/wp\/v2\/product_cat?post=15133"},{"taxonomy":"product_tag","embeddable":true,"href":"https:\/\/www.promotio.sk\/cs\/wp-json\/wp\/v2\/product_tag?post=15133"}],"curies":[{"name":"wp","href":"https:\/\/api.w.org\/{rel}","templated":true}]}}