{"id":15119,"date":"2024-03-07T22:11:09","date_gmt":"2024-03-07T21:11:09","guid":{"rendered":"https:\/\/www.promotio.sk\/shop\/nezaraden\u00e9\/alke\/"},"modified":"2024-03-07T22:12:21","modified_gmt":"2024-03-07T21:12:21","slug":"alke","status":"publish","type":"product","link":"https:\/\/www.promotio.sk\/cs\/shop\/promo-items\/bottles_thermos_\/bottles\/alke\/","title":{"rendered":"ALKE"},"content":{"rendered":"<p>L\u00e1hev z oceli 304 s 2barevn\u00fdm t\u011blem a matn\u00fdm povrchem. V\u00edko s flexibiln\u00ed gumovou rukojet\u00ed. Kapacita 850 ml. Ide\u00e1ln\u00ed pro vytv\u00e1\u0159en\u00ed origin\u00e1ln\u00edch n\u00e1vrh\u016f.<br \/>Slo\u017een\u00ed: nerezov\u00e1 ocel 304.<br \/>Pozn\u00e1mky: Proti kap\u00e1n\u00ed.<br \/>\nPrezentace v designov\u00e9m boxu.<br \/>\nNevhodn\u00e9 do my\u010dky.<\/p>","protected":false},"excerpt":{"rendered":"<p>304 steel bottle with 2-tone body and matte finish. Lid with flexible rubber handle. 850ml capacity. Ideal for creating original<\/p>","protected":false},"featured_media":15120,"comment_status":"open","ping_status":"closed","template":"","meta":[],"product_cat":[367,364],"product_tag":[],"class_list":{"0":"post-15119","1":"product","2":"type-product","3":"status-publish","4":"has-post-thumbnail","6":"product_cat-bottles","7":"product_cat-bottles_thermos_","9":"first","10":"instock","11":"shipping-taxable","12":"purchasable","13":"product-type-variable"},"_links":{"self":[{"href":"https:\/\/www.promotio.sk\/cs\/wp-json\/wp\/v2\/product\/15119","targetHints":{"allow":["GET"]}}],"collection":[{"href":"https:\/\/www.promotio.sk\/cs\/wp-json\/wp\/v2\/product"}],"about":[{"href":"https:\/\/www.promotio.sk\/cs\/wp-json\/wp\/v2\/types\/product"}],"replies":[{"embeddable":true,"href":"https:\/\/www.promotio.sk\/cs\/wp-json\/wp\/v2\/comments?post=15119"}],"wp:featuredmedia":[{"embeddable":true,"href":"https:\/\/www.promotio.sk\/cs\/wp-json\/wp\/v2\/media\/15120"}],"wp:attachment":[{"href":"https:\/\/www.promotio.sk\/cs\/wp-json\/wp\/v2\/media?parent=15119"}],"wp:term":[{"taxonomy":"product_cat","embeddable":true,"href":"https:\/\/www.promotio.sk\/cs\/wp-json\/wp\/v2\/product_cat?post=15119"},{"taxonomy":"product_tag","embeddable":true,"href":"https:\/\/www.promotio.sk\/cs\/wp-json\/wp\/v2\/product_tag?post=15119"}],"curies":[{"name":"wp","href":"https:\/\/api.w.org\/{rel}","templated":true}]}}