{"id":15088,"date":"2024-03-07T22:08:26","date_gmt":"2024-03-07T21:08:26","guid":{"rendered":"https:\/\/www.promotio.sk\/shop\/nezaraden\u00e9\/pita\/"},"modified":"2024-03-07T22:09:43","modified_gmt":"2024-03-07T21:09:43","slug":"pita","status":"publish","type":"product","link":"https:\/\/www.promotio.sk\/cs\/shop\/promo-items\/bottles_thermos_\/bottles\/pita\/","title":{"rendered":"PITA"},"content":{"rendered":"<p>304 stainless steel bottle with screw-on cap. 630 ml capacity. Made in various solid colours with a matte finish, to highlight your designs.<br \/>Slo\u017een\u00ed: nerezov\u00e1 ocel 304.<br \/>Pozn\u00e1mky: Proti kap\u00e1n\u00ed.<br \/>\nPrezentace v designov\u00e9m boxu.<\/p>","protected":false},"excerpt":{"rendered":"<p>304 stainless steel bottle with screw-on cap. 630 ml capacity. Made in various solid colours with a matte finish, to<\/p>","protected":false},"featured_media":15089,"comment_status":"open","ping_status":"closed","template":"","meta":[],"product_cat":[367,364],"product_tag":[],"class_list":{"0":"post-15088","1":"product","2":"type-product","3":"status-publish","4":"has-post-thumbnail","6":"product_cat-bottles","7":"product_cat-bottles_thermos_","9":"first","10":"instock","11":"shipping-taxable","12":"purchasable","13":"product-type-variable"},"_links":{"self":[{"href":"https:\/\/www.promotio.sk\/cs\/wp-json\/wp\/v2\/product\/15088","targetHints":{"allow":["GET"]}}],"collection":[{"href":"https:\/\/www.promotio.sk\/cs\/wp-json\/wp\/v2\/product"}],"about":[{"href":"https:\/\/www.promotio.sk\/cs\/wp-json\/wp\/v2\/types\/product"}],"replies":[{"embeddable":true,"href":"https:\/\/www.promotio.sk\/cs\/wp-json\/wp\/v2\/comments?post=15088"}],"wp:featuredmedia":[{"embeddable":true,"href":"https:\/\/www.promotio.sk\/cs\/wp-json\/wp\/v2\/media\/15089"}],"wp:attachment":[{"href":"https:\/\/www.promotio.sk\/cs\/wp-json\/wp\/v2\/media?parent=15088"}],"wp:term":[{"taxonomy":"product_cat","embeddable":true,"href":"https:\/\/www.promotio.sk\/cs\/wp-json\/wp\/v2\/product_cat?post=15088"},{"taxonomy":"product_tag","embeddable":true,"href":"https:\/\/www.promotio.sk\/cs\/wp-json\/wp\/v2\/product_tag?post=15088"}],"curies":[{"name":"wp","href":"https:\/\/api.w.org\/{rel}","templated":true}]}}