{"id":15008,"date":"2024-03-07T21:14:05","date_gmt":"2024-03-07T20:14:05","guid":{"rendered":"https:\/\/www.promotio.sk\/shop\/nezaraden\u00e9\/warton\/"},"modified":"2024-03-07T21:53:37","modified_gmt":"2024-03-07T20:53:37","slug":"warton","status":"publish","type":"product","link":"https:\/\/www.promotio.sk\/cs\/shop\/promo-items\/summer\/towels_pareos\/warton\/","title":{"rendered":"WARTON"},"content":{"rendered":"<p>Sarong s frot\u00e9 ru\u010dn\u00edkem z bavlny 100% (340 g\/m\u00b2).<br \/><img decoding=\"async\" src=\"https:\/\/static.gorfactory.es\/pics\/measures\/TW_HO.jpg\"><\/p>","protected":false},"excerpt":{"rendered":"<p>Sarong s frot\u00e9 ru\u010dn\u00edkem z bavlny 100% (340 g\/m\u00b2).<\/p>","protected":false},"featured_media":15009,"comment_status":"open","ping_status":"closed","template":"","meta":[],"product_cat":[350,353],"product_tag":[],"class_list":{"0":"post-15008","1":"product","2":"type-product","3":"status-publish","4":"has-post-thumbnail","6":"product_cat-summer","7":"product_cat-towels_pareos","9":"first","10":"instock","11":"shipping-taxable","12":"purchasable","13":"product-type-variable"},"_links":{"self":[{"href":"https:\/\/www.promotio.sk\/cs\/wp-json\/wp\/v2\/product\/15008","targetHints":{"allow":["GET"]}}],"collection":[{"href":"https:\/\/www.promotio.sk\/cs\/wp-json\/wp\/v2\/product"}],"about":[{"href":"https:\/\/www.promotio.sk\/cs\/wp-json\/wp\/v2\/types\/product"}],"replies":[{"embeddable":true,"href":"https:\/\/www.promotio.sk\/cs\/wp-json\/wp\/v2\/comments?post=15008"}],"wp:featuredmedia":[{"embeddable":true,"href":"https:\/\/www.promotio.sk\/cs\/wp-json\/wp\/v2\/media\/15009"}],"wp:attachment":[{"href":"https:\/\/www.promotio.sk\/cs\/wp-json\/wp\/v2\/media?parent=15008"}],"wp:term":[{"taxonomy":"product_cat","embeddable":true,"href":"https:\/\/www.promotio.sk\/cs\/wp-json\/wp\/v2\/product_cat?post=15008"},{"taxonomy":"product_tag","embeddable":true,"href":"https:\/\/www.promotio.sk\/cs\/wp-json\/wp\/v2\/product_tag?post=15008"}],"curies":[{"name":"wp","href":"https:\/\/api.w.org\/{rel}","templated":true}]}}