{"id":14697,"date":"2024-03-07T20:54:44","date_gmt":"2024-03-07T19:54:44","guid":{"rendered":"https:\/\/www.promotio.sk\/shop\/nezaraden\u00e9\/fides\/"},"modified":"2024-03-10T10:32:17","modified_gmt":"2024-03-10T09:32:17","slug":"fides","status":"publish","type":"product","link":"https:\/\/www.promotio.sk\/cs\/shop\/promo-clothing\/visor-caps-hats\/visor\/fides\/","title":{"rendered":"FIDES"},"content":{"rendered":"<p>5panelov\u00e1 \u010depice z recyklovan\u00e9 bavlny 100%. Nastaviteln\u00e9 zap\u00edn\u00e1n\u00ed na such\u00fd zip a v\u011btrac\u00ed otvory. Odn\u00edmateln\u00e1 etiketa.<br \/>Slo\u017een\u00ed: Algod\u00f3n reciclado<br \/>Pozn\u00e1mky: Odn\u00edmateln\u00e1 etiketa.<br \/><img decoding=\"async\" src=\"https:\/\/static.gorfactory.es\/pics\/measures\/GO_HO.jpg\"><\/p>","protected":false},"excerpt":{"rendered":"<p>5-panel cap in 100% recycled cotton. Adjustable velcro fastening and vent eyelets. Removable label.Composition: Algod\u00f3n recicladoRemarks: Etiqueta removible.<\/p>","protected":false},"featured_media":14698,"comment_status":"open","ping_status":"closed","template":"","meta":[],"product_cat":[354,23,431],"product_tag":[],"class_list":{"0":"post-14697","1":"product","2":"type-product","3":"status-publish","4":"has-post-thumbnail","6":"product_cat-visor","7":"product_cat-promo-clothing","8":"product_cat-visor-caps-hats","10":"first","11":"instock","12":"shipping-taxable","13":"purchasable","14":"product-type-variable"},"_links":{"self":[{"href":"https:\/\/www.promotio.sk\/cs\/wp-json\/wp\/v2\/product\/14697","targetHints":{"allow":["GET"]}}],"collection":[{"href":"https:\/\/www.promotio.sk\/cs\/wp-json\/wp\/v2\/product"}],"about":[{"href":"https:\/\/www.promotio.sk\/cs\/wp-json\/wp\/v2\/types\/product"}],"replies":[{"embeddable":true,"href":"https:\/\/www.promotio.sk\/cs\/wp-json\/wp\/v2\/comments?post=14697"}],"wp:featuredmedia":[{"embeddable":true,"href":"https:\/\/www.promotio.sk\/cs\/wp-json\/wp\/v2\/media\/14698"}],"wp:attachment":[{"href":"https:\/\/www.promotio.sk\/cs\/wp-json\/wp\/v2\/media?parent=14697"}],"wp:term":[{"taxonomy":"product_cat","embeddable":true,"href":"https:\/\/www.promotio.sk\/cs\/wp-json\/wp\/v2\/product_cat?post=14697"},{"taxonomy":"product_tag","embeddable":true,"href":"https:\/\/www.promotio.sk\/cs\/wp-json\/wp\/v2\/product_tag?post=14697"}],"curies":[{"name":"wp","href":"https:\/\/api.w.org\/{rel}","templated":true}]}}