{"id":14134,"date":"2024-03-07T18:21:55","date_gmt":"2024-03-07T17:21:55","guid":{"rendered":"https:\/\/www.promotio.sk\/shop\/nezaraden\u00e9\/suiper\/"},"modified":"2024-03-07T20:28:39","modified_gmt":"2024-03-07T19:28:39","slug":"suiper","status":"publish","type":"product","link":"https:\/\/www.promotio.sk\/cs\/shop\/promo-items\/bags_travel\/bags\/suiper\/","title":{"rendered":"SUIPER"},"content":{"rendered":"<p>Pouzdro na mobil z RPET polyesteru. Hlavn\u00ed p\u0159ihr\u00e1dka se zap\u00edn\u00e1n\u00edm na zip ve stejn\u00e9 barv\u011b. Vn\u011bj\u0161\u00ed kapsa. Sou\u010d\u00e1st\u00ed je i popruh na no\u0161en\u00ed ve stejn\u00e9 barv\u011b.<br \/>Slo\u017een\u00ed: RPET<\/p>","protected":false},"excerpt":{"rendered":"<p>Mobile pouch in RPET polyester. Main compartment with matching zip fastening. Exterior pocket. Matching carry strap included.Composition: RPET<\/p>","protected":false},"featured_media":14135,"comment_status":"open","ping_status":"closed","template":"","meta":[],"product_cat":[304,298],"product_tag":[],"class_list":{"0":"post-14134","1":"product","2":"type-product","3":"status-publish","4":"has-post-thumbnail","6":"product_cat-bags","7":"product_cat-bags_travel","9":"first","10":"instock","11":"shipping-taxable","12":"purchasable","13":"product-type-variable"},"_links":{"self":[{"href":"https:\/\/www.promotio.sk\/cs\/wp-json\/wp\/v2\/product\/14134","targetHints":{"allow":["GET"]}}],"collection":[{"href":"https:\/\/www.promotio.sk\/cs\/wp-json\/wp\/v2\/product"}],"about":[{"href":"https:\/\/www.promotio.sk\/cs\/wp-json\/wp\/v2\/types\/product"}],"replies":[{"embeddable":true,"href":"https:\/\/www.promotio.sk\/cs\/wp-json\/wp\/v2\/comments?post=14134"}],"wp:featuredmedia":[{"embeddable":true,"href":"https:\/\/www.promotio.sk\/cs\/wp-json\/wp\/v2\/media\/14135"}],"wp:attachment":[{"href":"https:\/\/www.promotio.sk\/cs\/wp-json\/wp\/v2\/media?parent=14134"}],"wp:term":[{"taxonomy":"product_cat","embeddable":true,"href":"https:\/\/www.promotio.sk\/cs\/wp-json\/wp\/v2\/product_cat?post=14134"},{"taxonomy":"product_tag","embeddable":true,"href":"https:\/\/www.promotio.sk\/cs\/wp-json\/wp\/v2\/product_tag?post=14134"}],"curies":[{"name":"wp","href":"https:\/\/api.w.org\/{rel}","templated":true}]}}