{"id":14004,"date":"2024-03-07T18:09:57","date_gmt":"2024-03-07T17:09:57","guid":{"rendered":"https:\/\/www.promotio.sk\/shop\/nezaraden\u00e9\/prado\/"},"modified":"2024-03-07T18:10:55","modified_gmt":"2024-03-07T17:10:55","slug":"prado","status":"publish","type":"product","link":"https:\/\/www.promotio.sk\/cs\/shop\/promo-items\/bags_travel\/travel_accessories\/prado\/","title":{"rendered":"PRADO"},"content":{"rendered":"<p>Multifunctional toilet bag in 100% hemp fabric (200 gsm), with matching puller.<br \/>Slo\u017een\u00ed: Tkanina z ka\u0148onu<br \/>Remarks: Zona 1: cara frontal bajo la cremallera.<br \/>\n&#8211; Serigraf\u00eda (F), max 1 color.<br \/>\n&#8211; Transfer serigr\u00e1fico (N), max 8 colores<br \/>\nZona 2: cara trasera.<br \/>\n&#8211; Serigraf\u00eda (F), max 1 color.<br \/>\n&#8211; Transfer serigr\u00e1fico (N), max 8 colores<\/p>","protected":false},"excerpt":{"rendered":"<p>Multifunctional toilet bag in 100% hemp fabric (200 gsm), with matching puller.Composition: Tela de c\u00e1\u00f1amoRemarks: Zona 1: cara frontal bajo<\/p>","protected":false},"featured_media":14005,"comment_status":"open","ping_status":"closed","template":"","meta":[],"product_cat":[298,303],"product_tag":[],"class_list":{"0":"post-14004","1":"product","2":"type-product","3":"status-publish","4":"has-post-thumbnail","6":"product_cat-bags_travel","7":"product_cat-travel_accessories","9":"first","10":"instock","11":"shipping-taxable","12":"purchasable","13":"product-type-variable"},"_links":{"self":[{"href":"https:\/\/www.promotio.sk\/cs\/wp-json\/wp\/v2\/product\/14004","targetHints":{"allow":["GET"]}}],"collection":[{"href":"https:\/\/www.promotio.sk\/cs\/wp-json\/wp\/v2\/product"}],"about":[{"href":"https:\/\/www.promotio.sk\/cs\/wp-json\/wp\/v2\/types\/product"}],"replies":[{"embeddable":true,"href":"https:\/\/www.promotio.sk\/cs\/wp-json\/wp\/v2\/comments?post=14004"}],"wp:featuredmedia":[{"embeddable":true,"href":"https:\/\/www.promotio.sk\/cs\/wp-json\/wp\/v2\/media\/14005"}],"wp:attachment":[{"href":"https:\/\/www.promotio.sk\/cs\/wp-json\/wp\/v2\/media?parent=14004"}],"wp:term":[{"taxonomy":"product_cat","embeddable":true,"href":"https:\/\/www.promotio.sk\/cs\/wp-json\/wp\/v2\/product_cat?post=14004"},{"taxonomy":"product_tag","embeddable":true,"href":"https:\/\/www.promotio.sk\/cs\/wp-json\/wp\/v2\/product_tag?post=14004"}],"curies":[{"name":"wp","href":"https:\/\/api.w.org\/{rel}","templated":true}]}}