{"id":13979,"date":"2024-03-07T18:07:39","date_gmt":"2024-03-07T17:07:39","guid":{"rendered":"https:\/\/www.promotio.sk\/shop\/nezaraden\u00e9\/tibar\/"},"modified":"2024-03-07T18:08:26","modified_gmt":"2024-03-07T17:08:26","slug":"tibar","status":"publish","type":"product","link":"https:\/\/www.promotio.sk\/cs\/shop\/promo-items\/bags_travel\/travel_accessories\/tibar\/","title":{"rendered":"TIBAR"},"content":{"rendered":"<p>V\u00edce\u00fa\u010delov\u00e1 ta\u0161ka z PU k\u016f\u017ee s lesklou povrchovou \u00fapravou je perfektn\u00edm dopl\u0148kem pro organizaci va\u0161ich produkt\u016f osobn\u00ed p\u00e9\u010de, kter\u00e9 si m\u016f\u017eete vz\u00edt s sebou kamkoli. Vn\u011bj\u0161\u00ed PU materi\u00e1l s lesklou povrchovou \u00fapravou j\u00ed dod\u00e1v\u00e1 elegantn\u00ed a sofistikovan\u00fd vzhled a dod\u00e1v\u00e1 va\u0161emu ka\u017edodenn\u00edmu ritu\u00e1lu styl.<br \/>\nD\u00edky odpov\u00eddaj\u00edc\u00edmu zipu a \u00fachytu se snadno dostanete k obsahu ta\u0161ky a sv\u00e9 v\u011bci ulo\u017e\u00edte v bezpe\u010d\u00ed. Zip zaru\u010duje bezpe\u010dn\u00e9 uzav\u0159en\u00ed a zabra\u0148uje n\u00e1hodn\u00e9 ztr\u00e1t\u011b.<br \/>\nTato v\u00edce\u00fa\u010delov\u00e1 toaletn\u00ed ta\u0161ti\u010dka nab\u00edz\u00ed v\u0161estrann\u00e9 vyu\u017eit\u00ed. M\u016f\u017eete ji pou\u017e\u00edt k ulo\u017een\u00ed a p\u0159eprav\u011b produkt\u016f osobn\u00ed p\u00e9\u010de, jako je make-up, hygienick\u00e9 pot\u0159eby nebo cestovn\u00ed dopl\u0148ky. Je tak\u00e9 ide\u00e1ln\u00ed pro no\u0161en\u00ed drobn\u00fdch p\u0159edm\u011bt\u016f, jako jsou kabely, nab\u00edje\u010dky nebo kl\u00ed\u010de, kter\u00e9 tak budete m\u00edt uspo\u0159\u00e1dan\u00e9 a po ruce.<br \/>\nPU materi\u00e1l pou\u017eit\u00fd p\u0159i jeho v\u00fdrob\u011b je odoln\u00fd a vod\u011bodoln\u00fd, co\u017e poskytuje dodate\u010dnou ochranu va\u0161im v\u011bcem v p\u0159\u00edpad\u011b polit\u00ed nebo nep\u0159\u00edzniv\u00e9ho po\u010das\u00ed.<br \/>\nA\u0165 u\u017e pro ka\u017edodenn\u00ed pou\u017eit\u00ed, cestov\u00e1n\u00ed nebo jako d\u00e1rek, tato v\u00edce\u00fa\u010delov\u00e1 PU ta\u0161ka s lesklou povrchovou \u00fapravou je praktickou a elegantn\u00ed volbou. Udr\u017eujte si sv\u00e9 nezbytnosti uspo\u0159\u00e1dan\u00e9 a noste s sebou v\u0161e, co pot\u0159ebujete, stylov\u011b.<br \/>Slo\u017een\u00ed: PU k\u016f\u017ee<\/p>","protected":false},"excerpt":{"rendered":"<p>The PU Leather multipurpose bag in a shiny finish is the perfect accessory to organise your personal care products and<\/p>","protected":false},"featured_media":13980,"comment_status":"open","ping_status":"closed","template":"","meta":[],"product_cat":[298,303],"product_tag":[],"class_list":{"0":"post-13979","1":"product","2":"type-product","3":"status-publish","4":"has-post-thumbnail","6":"product_cat-bags_travel","7":"product_cat-travel_accessories","9":"first","10":"instock","11":"shipping-taxable","12":"purchasable","13":"product-type-variable"},"_links":{"self":[{"href":"https:\/\/www.promotio.sk\/cs\/wp-json\/wp\/v2\/product\/13979","targetHints":{"allow":["GET"]}}],"collection":[{"href":"https:\/\/www.promotio.sk\/cs\/wp-json\/wp\/v2\/product"}],"about":[{"href":"https:\/\/www.promotio.sk\/cs\/wp-json\/wp\/v2\/types\/product"}],"replies":[{"embeddable":true,"href":"https:\/\/www.promotio.sk\/cs\/wp-json\/wp\/v2\/comments?post=13979"}],"wp:featuredmedia":[{"embeddable":true,"href":"https:\/\/www.promotio.sk\/cs\/wp-json\/wp\/v2\/media\/13980"}],"wp:attachment":[{"href":"https:\/\/www.promotio.sk\/cs\/wp-json\/wp\/v2\/media?parent=13979"}],"wp:term":[{"taxonomy":"product_cat","embeddable":true,"href":"https:\/\/www.promotio.sk\/cs\/wp-json\/wp\/v2\/product_cat?post=13979"},{"taxonomy":"product_tag","embeddable":true,"href":"https:\/\/www.promotio.sk\/cs\/wp-json\/wp\/v2\/product_tag?post=13979"}],"curies":[{"name":"wp","href":"https:\/\/api.w.org\/{rel}","templated":true}]}}