{"id":13959,"date":"2024-03-07T18:05:46","date_gmt":"2024-03-07T17:05:46","guid":{"rendered":"https:\/\/www.promotio.sk\/shop\/nezaraden\u00e9\/avira\/"},"modified":"2024-03-07T18:06:33","modified_gmt":"2024-03-07T17:06:33","slug":"avira","status":"publish","type":"product","link":"https:\/\/www.promotio.sk\/cs\/shop\/promo-items\/bags_travel\/travel_accessories\/avira\/","title":{"rendered":"AVIRA"},"content":{"rendered":"<p>Toaletn\u00ed ta\u0161ti\u010dka z recyklovan\u00e9ho filcu s designem Vigore je perfektn\u00edm dopl\u0148kem pro udr\u017eiteln\u00e9 a stylov\u00e9 uspo\u0159\u00e1d\u00e1n\u00ed va\u0161ich osobn\u00edch pot\u0159eb. Tato toaletn\u00ed ta\u0161ti\u010dka vyroben\u00e1 z recyklovan\u00e9ho filcu pom\u00e1h\u00e1 sni\u017eovat mno\u017estv\u00ed odpadu a \u0161et\u0159it \u017eivotn\u00ed prost\u0159ed\u00ed.<\/p>\n<p>Design Vigore dod\u00e1v\u00e1 toaletn\u00ed ta\u0161ti\u010dce modern\u00ed a atraktivn\u00ed vzhled, je funk\u010dn\u00ed i elegantn\u00ed z\u00e1rove\u0148. D\u00edky slad\u011bn\u00e9 spon\u011b a rukojeti m\u016f\u017eete ta\u0161ti\u010dku snadno otev\u00edrat a zav\u00edrat, tak\u017ee va\u0161e produkty budou v bezpe\u010d\u00ed a uspo\u0159\u00e1dan\u00e9.<br \/>\nUvnit\u0159 ta\u0161ti\u010dky na toaletn\u00ed pot\u0159eby najdete dostatek prostoru pro ulo\u017een\u00ed produkt\u016f osobn\u00ed p\u00e9\u010de, make-upu, toaletn\u00edch pot\u0159eb nebo jak\u00fdchkoli dal\u0161\u00edch v\u011bc\u00ed, kter\u00e9 si chcete vz\u00edt s sebou. Recyklovan\u00e1 pls\u0165 pou\u017eit\u00e1 v t\u00e9to ta\u0161ce je odoln\u00e1 a chr\u00e1n\u00ed va\u0161e produkty p\u0159ed mo\u017en\u00fdm po\u0161kozen\u00edm.<\/p>\n<p>Krom\u011b toho, \u017ee je ekologick\u00e1 a stylov\u00e1, m\u016f\u017eete ji nosit v cestovn\u00ed ta\u0161ce, kufru nebo ji pou\u017e\u00edvat jako samostatnou toaletn\u00ed ta\u0161ti\u010dku. Vyberte si udr\u017eitelnou a stylovou toaletn\u00ed ta\u0161ti\u010dku, kter\u00e1 v\u00e1m udr\u017e\u00ed va\u0161e pot\u0159eby v po\u0159\u00e1dku, s recyklovanou plst\u011bnou toaletn\u00ed ta\u0161ti\u010dkou s energick\u00fdm designem. Spojuje funk\u010dnost, m\u00f3du a p\u00e9\u010di o \u017eivotn\u00ed prost\u0159ed\u00ed v jednom dopl\u0148ku.<br \/>Slo\u017een\u00ed: Recyklovan\u00fd filc<\/p>","protected":false},"excerpt":{"rendered":"<p>The toiletry bag made of recycled felt with a vigore design is the perfect accessory to organise your personal products<\/p>","protected":false},"featured_media":13960,"comment_status":"open","ping_status":"closed","template":"","meta":[],"product_cat":[298,303],"product_tag":[],"class_list":{"0":"post-13959","1":"product","2":"type-product","3":"status-publish","4":"has-post-thumbnail","6":"product_cat-bags_travel","7":"product_cat-travel_accessories","9":"first","10":"instock","11":"shipping-taxable","12":"purchasable","13":"product-type-variable"},"_links":{"self":[{"href":"https:\/\/www.promotio.sk\/cs\/wp-json\/wp\/v2\/product\/13959","targetHints":{"allow":["GET"]}}],"collection":[{"href":"https:\/\/www.promotio.sk\/cs\/wp-json\/wp\/v2\/product"}],"about":[{"href":"https:\/\/www.promotio.sk\/cs\/wp-json\/wp\/v2\/types\/product"}],"replies":[{"embeddable":true,"href":"https:\/\/www.promotio.sk\/cs\/wp-json\/wp\/v2\/comments?post=13959"}],"wp:featuredmedia":[{"embeddable":true,"href":"https:\/\/www.promotio.sk\/cs\/wp-json\/wp\/v2\/media\/13960"}],"wp:attachment":[{"href":"https:\/\/www.promotio.sk\/cs\/wp-json\/wp\/v2\/media?parent=13959"}],"wp:term":[{"taxonomy":"product_cat","embeddable":true,"href":"https:\/\/www.promotio.sk\/cs\/wp-json\/wp\/v2\/product_cat?post=13959"},{"taxonomy":"product_tag","embeddable":true,"href":"https:\/\/www.promotio.sk\/cs\/wp-json\/wp\/v2\/product_tag?post=13959"}],"curies":[{"name":"wp","href":"https:\/\/api.w.org\/{rel}","templated":true}]}}