{"id":13696,"date":"2024-03-07T17:41:55","date_gmt":"2024-03-07T16:41:55","guid":{"rendered":"https:\/\/www.promotio.sk\/shop\/nezaraden\u00e9\/naska\/"},"modified":"2024-03-07T17:42:50","modified_gmt":"2024-03-07T16:42:50","slug":"naska","status":"publish","type":"product","link":"https:\/\/www.promotio.sk\/cs\/shop\/promo-items\/bags_travel\/bags\/naska\/","title":{"rendered":"NASKA"},"content":{"rendered":"<p>Ta\u0161ka se stahovac\u00ed \u0161\u0148\u016frkou z konopn\u00e9 tkaniny 100% (200 g\/m\u00b2) s odpov\u00eddaj\u00edc\u00edmi tkani\u010dkami.<br \/>Slo\u017een\u00ed: Tkanina z ka\u0148onu<\/p>","protected":false},"excerpt":{"rendered":"<p>Drawstring bag in 100% hemp fabric (200 gsm), with matching strings.Composition: Tela de c\u00e1\u00f1amo<\/p>","protected":false},"featured_media":13697,"comment_status":"open","ping_status":"closed","template":"","meta":[],"product_cat":[304,298],"product_tag":[],"class_list":{"0":"post-13696","1":"product","2":"type-product","3":"status-publish","4":"has-post-thumbnail","6":"product_cat-bags","7":"product_cat-bags_travel","9":"first","10":"instock","11":"shipping-taxable","12":"purchasable","13":"product-type-variable"},"_links":{"self":[{"href":"https:\/\/www.promotio.sk\/cs\/wp-json\/wp\/v2\/product\/13696","targetHints":{"allow":["GET"]}}],"collection":[{"href":"https:\/\/www.promotio.sk\/cs\/wp-json\/wp\/v2\/product"}],"about":[{"href":"https:\/\/www.promotio.sk\/cs\/wp-json\/wp\/v2\/types\/product"}],"replies":[{"embeddable":true,"href":"https:\/\/www.promotio.sk\/cs\/wp-json\/wp\/v2\/comments?post=13696"}],"wp:featuredmedia":[{"embeddable":true,"href":"https:\/\/www.promotio.sk\/cs\/wp-json\/wp\/v2\/media\/13697"}],"wp:attachment":[{"href":"https:\/\/www.promotio.sk\/cs\/wp-json\/wp\/v2\/media?parent=13696"}],"wp:term":[{"taxonomy":"product_cat","embeddable":true,"href":"https:\/\/www.promotio.sk\/cs\/wp-json\/wp\/v2\/product_cat?post=13696"},{"taxonomy":"product_tag","embeddable":true,"href":"https:\/\/www.promotio.sk\/cs\/wp-json\/wp\/v2\/product_tag?post=13696"}],"curies":[{"name":"wp","href":"https:\/\/api.w.org\/{rel}","templated":true}]}}