{"id":13577,"date":"2024-03-07T17:31:09","date_gmt":"2024-03-07T16:31:09","guid":{"rendered":"https:\/\/www.promotio.sk\/shop\/nezaraden\u00e9\/banter\/"},"modified":"2024-03-07T17:32:42","modified_gmt":"2024-03-07T16:32:42","slug":"banter","status":"publish","type":"product","link":"https:\/\/www.promotio.sk\/cs\/shop\/promo-items\/bags_travel\/bags_travel_backpack\/banter\/","title":{"rendered":"\u0160K\u00c1DLEN\u00cd"},"content":{"rendered":"<p>Waterproof cabin backpack in RPET polyester. Roomy main compartment to carry your clothes and a 16&#8221; laptop pocket. Front pocket with waterproof lining and back safety pocket. Padded shoulder straps and back. Trolley strap.<br \/>Slo\u017een\u00ed: RPET<br \/>Remarks: Capacidad: 18 L<\/p>","protected":false},"excerpt":{"rendered":"<p>Waterproof cabin backpack in RPET polyester. Roomy main compartment to carry your clothes and a 16&#8221; laptop pocket. Front pocket<\/p>","protected":false},"featured_media":13578,"comment_status":"open","ping_status":"closed","template":"","meta":[],"product_cat":[299,298],"product_tag":[],"class_list":{"0":"post-13577","1":"product","2":"type-product","3":"status-publish","4":"has-post-thumbnail","6":"product_cat-bags_travel_backpack","7":"product_cat-bags_travel","9":"first","10":"instock","11":"shipping-taxable","12":"purchasable","13":"product-type-variable"},"_links":{"self":[{"href":"https:\/\/www.promotio.sk\/cs\/wp-json\/wp\/v2\/product\/13577","targetHints":{"allow":["GET"]}}],"collection":[{"href":"https:\/\/www.promotio.sk\/cs\/wp-json\/wp\/v2\/product"}],"about":[{"href":"https:\/\/www.promotio.sk\/cs\/wp-json\/wp\/v2\/types\/product"}],"replies":[{"embeddable":true,"href":"https:\/\/www.promotio.sk\/cs\/wp-json\/wp\/v2\/comments?post=13577"}],"wp:featuredmedia":[{"embeddable":true,"href":"https:\/\/www.promotio.sk\/cs\/wp-json\/wp\/v2\/media\/13578"}],"wp:attachment":[{"href":"https:\/\/www.promotio.sk\/cs\/wp-json\/wp\/v2\/media?parent=13577"}],"wp:term":[{"taxonomy":"product_cat","embeddable":true,"href":"https:\/\/www.promotio.sk\/cs\/wp-json\/wp\/v2\/product_cat?post=13577"},{"taxonomy":"product_tag","embeddable":true,"href":"https:\/\/www.promotio.sk\/cs\/wp-json\/wp\/v2\/product_tag?post=13577"}],"curies":[{"name":"wp","href":"https:\/\/api.w.org\/{rel}","templated":true}]}}