{"id":13475,"date":"2024-03-07T17:21:55","date_gmt":"2024-03-07T16:21:55","guid":{"rendered":"https:\/\/www.promotio.sk\/shop\/nezaraden\u00e9\/kugar\/"},"modified":"2024-03-07T17:22:48","modified_gmt":"2024-03-07T16:22:48","slug":"kugar","status":"publish","type":"product","link":"https:\/\/www.promotio.sk\/cs\/shop\/promo-items\/bags_travel\/bags_travel_backpack\/kugar\/","title":{"rendered":"KUGAR"},"content":{"rendered":"<p>Extendable anti-theft backpack, made of PU Leather. This backpack not only offers style and durability, but also extra security for your belongings. With a clever design, the main compartment is located at the back of the backpack, making it difficult for would-be thieves to access.<\/p>\n<p>Inside, you&#8217;ll find a large main compartment and a padded pocket for a 14&#8243; laptop. It also has a padded outer front pocket and side pockets to keep your items organized and within reach.<\/p>\n<p>For your comfort, the handles and back of the backpack are padded, providing ergonomic support. In addition, it includes a trolley strap, so you can attach it to your hand luggage when you travel.<\/p>\n<p>Combine safety, functionality and style with our extendable anti-theft backpack made of PU Leather. Protect your belongings as you move in comfort and style.<br \/>Slo\u017een\u00ed: PU k\u016f\u017ee<\/p>","protected":false},"excerpt":{"rendered":"<p>Extendable anti-theft backpack, made of PU Leather. This backpack not only offers style and durability, but also extra security for<\/p>","protected":false},"featured_media":13476,"comment_status":"open","ping_status":"closed","template":"","meta":[],"product_cat":[299,298],"product_tag":[],"class_list":{"0":"post-13475","1":"product","2":"type-product","3":"status-publish","4":"has-post-thumbnail","6":"product_cat-bags_travel_backpack","7":"product_cat-bags_travel","9":"first","10":"instock","11":"shipping-taxable","12":"purchasable","13":"product-type-variable"},"_links":{"self":[{"href":"https:\/\/www.promotio.sk\/cs\/wp-json\/wp\/v2\/product\/13475","targetHints":{"allow":["GET"]}}],"collection":[{"href":"https:\/\/www.promotio.sk\/cs\/wp-json\/wp\/v2\/product"}],"about":[{"href":"https:\/\/www.promotio.sk\/cs\/wp-json\/wp\/v2\/types\/product"}],"replies":[{"embeddable":true,"href":"https:\/\/www.promotio.sk\/cs\/wp-json\/wp\/v2\/comments?post=13475"}],"wp:featuredmedia":[{"embeddable":true,"href":"https:\/\/www.promotio.sk\/cs\/wp-json\/wp\/v2\/media\/13476"}],"wp:attachment":[{"href":"https:\/\/www.promotio.sk\/cs\/wp-json\/wp\/v2\/media?parent=13475"}],"wp:term":[{"taxonomy":"product_cat","embeddable":true,"href":"https:\/\/www.promotio.sk\/cs\/wp-json\/wp\/v2\/product_cat?post=13475"},{"taxonomy":"product_tag","embeddable":true,"href":"https:\/\/www.promotio.sk\/cs\/wp-json\/wp\/v2\/product_tag?post=13475"}],"curies":[{"name":"wp","href":"https:\/\/api.w.org\/{rel}","templated":true}]}}