{"id":13404,"date":"2024-03-07T17:15:45","date_gmt":"2024-03-07T16:15:45","guid":{"rendered":"https:\/\/www.promotio.sk\/shop\/nezaraden\u00e9\/volano\/"},"modified":"2024-03-07T17:16:57","modified_gmt":"2024-03-07T16:16:57","slug":"volano","status":"publish","type":"product","link":"https:\/\/www.promotio.sk\/cs\/shop\/promo-items\/bags_travel\/travel_accessories\/volano\/","title":{"rendered":"VOLANO"},"content":{"rendered":"<p>Pevn\u00fd kufr na kole\u010dk\u00e1ch z odoln\u00e9ho ABS plastu. Dv\u011b hlavn\u00ed p\u0159ihr\u00e1dky a vnit\u0159n\u00ed s\u00ed\u0165ovan\u00e1 kapsa. Vestav\u011bn\u00fd bezpe\u010dnostn\u00ed z\u00e1mek je sou\u010d\u00e1st\u00ed balen\u00ed.<br \/>Slo\u017een\u00ed: ABS<\/p>","protected":false},"excerpt":{"rendered":"<p>Rigid trolley suitcase in resistant ABS. Two main compartments and interior mesh pocket. In-built safety lock included.Composition: ABS<\/p>","protected":false},"featured_media":13405,"comment_status":"open","ping_status":"closed","template":"","meta":[],"product_cat":[298,303],"product_tag":[],"class_list":{"0":"post-13404","1":"product","2":"type-product","3":"status-publish","4":"has-post-thumbnail","6":"product_cat-bags_travel","7":"product_cat-travel_accessories","9":"first","10":"instock","11":"shipping-taxable","12":"purchasable","13":"product-type-variable"},"_links":{"self":[{"href":"https:\/\/www.promotio.sk\/cs\/wp-json\/wp\/v2\/product\/13404","targetHints":{"allow":["GET"]}}],"collection":[{"href":"https:\/\/www.promotio.sk\/cs\/wp-json\/wp\/v2\/product"}],"about":[{"href":"https:\/\/www.promotio.sk\/cs\/wp-json\/wp\/v2\/types\/product"}],"replies":[{"embeddable":true,"href":"https:\/\/www.promotio.sk\/cs\/wp-json\/wp\/v2\/comments?post=13404"}],"wp:featuredmedia":[{"embeddable":true,"href":"https:\/\/www.promotio.sk\/cs\/wp-json\/wp\/v2\/media\/13405"}],"wp:attachment":[{"href":"https:\/\/www.promotio.sk\/cs\/wp-json\/wp\/v2\/media?parent=13404"}],"wp:term":[{"taxonomy":"product_cat","embeddable":true,"href":"https:\/\/www.promotio.sk\/cs\/wp-json\/wp\/v2\/product_cat?post=13404"},{"taxonomy":"product_tag","embeddable":true,"href":"https:\/\/www.promotio.sk\/cs\/wp-json\/wp\/v2\/product_tag?post=13404"}],"curies":[{"name":"wp","href":"https:\/\/api.w.org\/{rel}","templated":true}]}}