{"id":13249,"date":"2024-03-07T17:02:09","date_gmt":"2024-03-07T16:02:09","guid":{"rendered":"https:\/\/www.promotio.sk\/shop\/nezaraden\u00e9\/mountain\/"},"modified":"2024-03-07T17:04:32","modified_gmt":"2024-03-07T16:04:32","slug":"mountain","status":"publish","type":"product","link":"https:\/\/www.promotio.sk\/cs\/shop\/promo-items\/bags_travel\/bags\/mountain\/","title":{"rendered":"MOUNTAIN"},"content":{"rendered":"<p>Tote bag made of cotton fabric in different colours,  with long handle in same colour tone.<br \/>Slo\u017een\u00ed: bavlna 100%, 140 g\/m\u00b2.<br \/>Remarks: * M15: 37 x 41 cm<br \/>\n*Handle lenght: 70 cm.<br \/>\n* The colours of this model may differ from the rest even if they have the same code.<br \/>\n*Removable label<br \/>\n* Minim\u00e1ln\u00ed prodejn\u00ed jednotka \u2013 kompletn\u00ed balen\u00ed.<br \/><img decoding=\"async\" src=\"https:\/\/static.gorfactory.es\/pics2018\/large\/7602_01_4_1.jpg\"><\/p>","protected":false},"excerpt":{"rendered":"<p>Tote bag made of cotton fabric in different colours, with long handle in same colour tone.Composition: 100% cotton, 140 gsm.Remarks:<\/p>","protected":false},"featured_media":13250,"comment_status":"open","ping_status":"closed","template":"","meta":[],"product_cat":[304,298],"product_tag":[],"class_list":{"0":"post-13249","1":"product","2":"type-product","3":"status-publish","4":"has-post-thumbnail","6":"product_cat-bags","7":"product_cat-bags_travel","9":"first","10":"instock","11":"shipping-taxable","12":"purchasable","13":"product-type-variable"},"_links":{"self":[{"href":"https:\/\/www.promotio.sk\/cs\/wp-json\/wp\/v2\/product\/13249","targetHints":{"allow":["GET"]}}],"collection":[{"href":"https:\/\/www.promotio.sk\/cs\/wp-json\/wp\/v2\/product"}],"about":[{"href":"https:\/\/www.promotio.sk\/cs\/wp-json\/wp\/v2\/types\/product"}],"replies":[{"embeddable":true,"href":"https:\/\/www.promotio.sk\/cs\/wp-json\/wp\/v2\/comments?post=13249"}],"wp:featuredmedia":[{"embeddable":true,"href":"https:\/\/www.promotio.sk\/cs\/wp-json\/wp\/v2\/media\/13250"}],"wp:attachment":[{"href":"https:\/\/www.promotio.sk\/cs\/wp-json\/wp\/v2\/media?parent=13249"}],"wp:term":[{"taxonomy":"product_cat","embeddable":true,"href":"https:\/\/www.promotio.sk\/cs\/wp-json\/wp\/v2\/product_cat?post=13249"},{"taxonomy":"product_tag","embeddable":true,"href":"https:\/\/www.promotio.sk\/cs\/wp-json\/wp\/v2\/product_tag?post=13249"}],"curies":[{"name":"wp","href":"https:\/\/api.w.org\/{rel}","templated":true}]}}