{"id":13237,"date":"2024-03-07T17:01:00","date_gmt":"2024-03-07T16:01:00","guid":{"rendered":"https:\/\/www.promotio.sk\/shop\/nezaraden\u00e9\/milvus\/"},"modified":"2024-03-07T17:01:35","modified_gmt":"2024-03-07T16:01:35","slug":"milvus","status":"publish","type":"product","link":"https:\/\/www.promotio.sk\/cs\/shop\/promo-items\/bags_travel\/bags\/milvus\/","title":{"rendered":"MILVUS"},"content":{"rendered":"<p>Ta\u0161ka z kraftov\u00e9ho pap\u00edru se dv\u011bma bavln\u011bn\u00fdmi uchy o d\u00e9lce 64 cm. Nosnost 6-7 kg.<br \/>Slo\u017een\u00ed: 130 g\/m\u00b2 kraftov\u00fd pap\u00edr, laminovan\u00fd polyethylen a vnit\u0159n\u00ed lem z netkan\u00e9 textilie.<br \/>Pozn\u00e1mky: Vnit\u0159n\u00ed v\u0161it\u00fd \u0161t\u00edtek.<\/p>","protected":false},"excerpt":{"rendered":"<p>Tote bag made of kraft paper with two 64 cm long cotton handles. Resistance up to 6-7 kg of weight.Composition:<\/p>","protected":false},"featured_media":13238,"comment_status":"open","ping_status":"closed","template":"","meta":[],"product_cat":[304,298],"product_tag":[],"class_list":{"0":"post-13237","1":"product","2":"type-product","3":"status-publish","4":"has-post-thumbnail","6":"product_cat-bags","7":"product_cat-bags_travel","9":"first","10":"instock","11":"shipping-taxable","12":"purchasable","13":"product-type-variable"},"_links":{"self":[{"href":"https:\/\/www.promotio.sk\/cs\/wp-json\/wp\/v2\/product\/13237","targetHints":{"allow":["GET"]}}],"collection":[{"href":"https:\/\/www.promotio.sk\/cs\/wp-json\/wp\/v2\/product"}],"about":[{"href":"https:\/\/www.promotio.sk\/cs\/wp-json\/wp\/v2\/types\/product"}],"replies":[{"embeddable":true,"href":"https:\/\/www.promotio.sk\/cs\/wp-json\/wp\/v2\/comments?post=13237"}],"wp:featuredmedia":[{"embeddable":true,"href":"https:\/\/www.promotio.sk\/cs\/wp-json\/wp\/v2\/media\/13238"}],"wp:attachment":[{"href":"https:\/\/www.promotio.sk\/cs\/wp-json\/wp\/v2\/media?parent=13237"}],"wp:term":[{"taxonomy":"product_cat","embeddable":true,"href":"https:\/\/www.promotio.sk\/cs\/wp-json\/wp\/v2\/product_cat?post=13237"},{"taxonomy":"product_tag","embeddable":true,"href":"https:\/\/www.promotio.sk\/cs\/wp-json\/wp\/v2\/product_tag?post=13237"}],"curies":[{"name":"wp","href":"https:\/\/api.w.org\/{rel}","templated":true}]}}