{"id":13089,"date":"2024-03-07T16:48:18","date_gmt":"2024-03-07T15:48:18","guid":{"rendered":"https:\/\/www.promotio.sk\/shop\/nezaraden\u00e9\/adal\/"},"modified":"2024-03-07T16:49:45","modified_gmt":"2024-03-07T15:49:45","slug":"adal","status":"publish","type":"product","link":"https:\/\/www.promotio.sk\/cs\/shop\/promo-items\/bags_travel\/travel_accessories\/adal\/","title":{"rendered":"ADAL"},"content":{"rendered":"<p>Pen\u011b\u017eenka se 2 kapsami a slad\u011bn\u00fdmi zipy, vyroben\u00e1 z m\u011bkk\u00e9 imitace k\u016f\u017ee RPET. Ekologick\u00e1 pen\u011b\u017eenka. Sou\u010d\u00e1st\u00ed je vnit\u0159n\u00ed krou\u017eek na kl\u00ed\u010de.<br \/>Slo\u017een\u00ed: RPET PU.<br \/>Pozn\u00e1mky: Vn\u011bj\u0161\u00ed \u0161t\u00edtek s logem RPET.<\/p>","protected":false},"excerpt":{"rendered":"<p>Purse with 2 pockets and matching zips, made from soft RPET imitation leather. Eco purse. Inner keyring included.Composition: RPET PU.Remarks:<\/p>","protected":false},"featured_media":13090,"comment_status":"open","ping_status":"closed","template":"","meta":[],"product_cat":[298,303],"product_tag":[],"class_list":{"0":"post-13089","1":"product","2":"type-product","3":"status-publish","4":"has-post-thumbnail","6":"product_cat-bags_travel","7":"product_cat-travel_accessories","9":"first","10":"instock","11":"shipping-taxable","12":"purchasable","13":"product-type-variable"},"_links":{"self":[{"href":"https:\/\/www.promotio.sk\/cs\/wp-json\/wp\/v2\/product\/13089","targetHints":{"allow":["GET"]}}],"collection":[{"href":"https:\/\/www.promotio.sk\/cs\/wp-json\/wp\/v2\/product"}],"about":[{"href":"https:\/\/www.promotio.sk\/cs\/wp-json\/wp\/v2\/types\/product"}],"replies":[{"embeddable":true,"href":"https:\/\/www.promotio.sk\/cs\/wp-json\/wp\/v2\/comments?post=13089"}],"wp:featuredmedia":[{"embeddable":true,"href":"https:\/\/www.promotio.sk\/cs\/wp-json\/wp\/v2\/media\/13090"}],"wp:attachment":[{"href":"https:\/\/www.promotio.sk\/cs\/wp-json\/wp\/v2\/media?parent=13089"}],"wp:term":[{"taxonomy":"product_cat","embeddable":true,"href":"https:\/\/www.promotio.sk\/cs\/wp-json\/wp\/v2\/product_cat?post=13089"},{"taxonomy":"product_tag","embeddable":true,"href":"https:\/\/www.promotio.sk\/cs\/wp-json\/wp\/v2\/product_tag?post=13089"}],"curies":[{"name":"wp","href":"https:\/\/api.w.org\/{rel}","templated":true}]}}