{"id":12884,"date":"2024-03-07T16:30:10","date_gmt":"2024-03-07T15:30:10","guid":{"rendered":"https:\/\/www.promotio.sk\/shop\/nezaraden\u00e9\/azor\/"},"modified":"2024-03-07T16:30:52","modified_gmt":"2024-03-07T15:30:52","slug":"azor","status":"publish","type":"product","link":"https:\/\/www.promotio.sk\/cs\/shop\/promo-items\/bags_travel\/bags\/azor\/","title":{"rendered":"AZOR"},"content":{"rendered":"<p>Netkan\u00e1 ta\u0161ka s motivem na vybarvov\u00e1n\u00ed. Sou\u010d\u00e1st\u00ed balen\u00ed je 5 pastelek v r\u016fzn\u00fdch barv\u00e1ch.<br \/>Slo\u017een\u00ed: Netkan\u00e1 textilie<\/p>","protected":false},"excerpt":{"rendered":"<p>Non-woven bag with design for colouring. 5 crayons in assorted colours included.Composition: Non-woven<\/p>","protected":false},"featured_media":12885,"comment_status":"open","ping_status":"closed","template":"","meta":[],"product_cat":[304,298],"product_tag":[],"class_list":{"0":"post-12884","1":"product","2":"type-product","3":"status-publish","4":"has-post-thumbnail","6":"product_cat-bags","7":"product_cat-bags_travel","9":"first","10":"instock","11":"shipping-taxable","12":"purchasable","13":"product-type-variable"},"_links":{"self":[{"href":"https:\/\/www.promotio.sk\/cs\/wp-json\/wp\/v2\/product\/12884","targetHints":{"allow":["GET"]}}],"collection":[{"href":"https:\/\/www.promotio.sk\/cs\/wp-json\/wp\/v2\/product"}],"about":[{"href":"https:\/\/www.promotio.sk\/cs\/wp-json\/wp\/v2\/types\/product"}],"replies":[{"embeddable":true,"href":"https:\/\/www.promotio.sk\/cs\/wp-json\/wp\/v2\/comments?post=12884"}],"wp:featuredmedia":[{"embeddable":true,"href":"https:\/\/www.promotio.sk\/cs\/wp-json\/wp\/v2\/media\/12885"}],"wp:attachment":[{"href":"https:\/\/www.promotio.sk\/cs\/wp-json\/wp\/v2\/media?parent=12884"}],"wp:term":[{"taxonomy":"product_cat","embeddable":true,"href":"https:\/\/www.promotio.sk\/cs\/wp-json\/wp\/v2\/product_cat?post=12884"},{"taxonomy":"product_tag","embeddable":true,"href":"https:\/\/www.promotio.sk\/cs\/wp-json\/wp\/v2\/product_tag?post=12884"}],"curies":[{"name":"wp","href":"https:\/\/api.w.org\/{rel}","templated":true}]}}