{"id":12539,"date":"2024-03-07T16:00:33","date_gmt":"2024-03-07T15:00:33","guid":{"rendered":"https:\/\/www.promotio.sk\/shop\/nezaraden\u00e9\/serpa\/"},"modified":"2024-03-07T16:02:32","modified_gmt":"2024-03-07T15:02:32","slug":"serpa","status":"publish","type":"product","link":"https:\/\/www.promotio.sk\/cs\/shop\/promo-items\/bags_travel\/bags\/serpa\/","title":{"rendered":"SERPA"},"content":{"rendered":"<p>Tote bag in 100% hemp fabric (200 gsm). Reinforced 70 cm long handles.<br \/>Slo\u017een\u00ed: Tkanina z ka\u0148onu<\/p>","protected":false},"excerpt":{"rendered":"<p>Tote bag in 100% hemp fabric (200 gsm). Reinforced 70 cm long handles.Composition: Tela de c\u00e1\u00f1amo<\/p>","protected":false},"featured_media":12540,"comment_status":"open","ping_status":"closed","template":"","meta":[],"product_cat":[304,298],"product_tag":[],"class_list":{"0":"post-12539","1":"product","2":"type-product","3":"status-publish","4":"has-post-thumbnail","6":"product_cat-bags","7":"product_cat-bags_travel","9":"first","10":"instock","11":"shipping-taxable","12":"purchasable","13":"product-type-variable"},"_links":{"self":[{"href":"https:\/\/www.promotio.sk\/cs\/wp-json\/wp\/v2\/product\/12539","targetHints":{"allow":["GET"]}}],"collection":[{"href":"https:\/\/www.promotio.sk\/cs\/wp-json\/wp\/v2\/product"}],"about":[{"href":"https:\/\/www.promotio.sk\/cs\/wp-json\/wp\/v2\/types\/product"}],"replies":[{"embeddable":true,"href":"https:\/\/www.promotio.sk\/cs\/wp-json\/wp\/v2\/comments?post=12539"}],"wp:featuredmedia":[{"embeddable":true,"href":"https:\/\/www.promotio.sk\/cs\/wp-json\/wp\/v2\/media\/12540"}],"wp:attachment":[{"href":"https:\/\/www.promotio.sk\/cs\/wp-json\/wp\/v2\/media?parent=12539"}],"wp:term":[{"taxonomy":"product_cat","embeddable":true,"href":"https:\/\/www.promotio.sk\/cs\/wp-json\/wp\/v2\/product_cat?post=12539"},{"taxonomy":"product_tag","embeddable":true,"href":"https:\/\/www.promotio.sk\/cs\/wp-json\/wp\/v2\/product_tag?post=12539"}],"curies":[{"name":"wp","href":"https:\/\/api.w.org\/{rel}","templated":true}]}}