{"id":12022,"date":"2024-03-07T15:15:02","date_gmt":"2024-03-07T14:15:02","guid":{"rendered":"https:\/\/www.promotio.sk\/shop\/nezaraden\u00e9\/bragi\/"},"modified":"2024-03-07T15:15:31","modified_gmt":"2024-03-07T14:15:31","slug":"bragi","status":"publish","type":"product","link":"https:\/\/www.promotio.sk\/cs\/shop\/promo-items\/bags_travel\/bags\/bragi\/","title":{"rendered":"BRAGI"},"content":{"rendered":"<p>Velk\u00e1 ta\u0161ka z recyklovan\u00e9ho bavln\u011bn\u00e9ho pl\u00e1tna o gram\u00e1\u017ei 330 g\/m\u00b2. Zes\u00edlen\u00e1 ucha o d\u00e9lce 70 cm.<br \/>Slo\u017een\u00ed: Algod\u00f3n reciclado<\/p>","protected":false},"excerpt":{"rendered":"<p>Large bag in 330 gsm recycled cotton canvas. Reinforced 70 cm long handles.Composition: Algod\u00f3n reciclado<\/p>","protected":false},"featured_media":12023,"comment_status":"open","ping_status":"closed","template":"","meta":[],"product_cat":[304,298],"product_tag":[],"class_list":{"0":"post-12022","1":"product","2":"type-product","3":"status-publish","4":"has-post-thumbnail","6":"product_cat-bags","7":"product_cat-bags_travel","9":"first","10":"instock","11":"shipping-taxable","12":"purchasable","13":"product-type-variable"},"_links":{"self":[{"href":"https:\/\/www.promotio.sk\/cs\/wp-json\/wp\/v2\/product\/12022","targetHints":{"allow":["GET"]}}],"collection":[{"href":"https:\/\/www.promotio.sk\/cs\/wp-json\/wp\/v2\/product"}],"about":[{"href":"https:\/\/www.promotio.sk\/cs\/wp-json\/wp\/v2\/types\/product"}],"replies":[{"embeddable":true,"href":"https:\/\/www.promotio.sk\/cs\/wp-json\/wp\/v2\/comments?post=12022"}],"wp:featuredmedia":[{"embeddable":true,"href":"https:\/\/www.promotio.sk\/cs\/wp-json\/wp\/v2\/media\/12023"}],"wp:attachment":[{"href":"https:\/\/www.promotio.sk\/cs\/wp-json\/wp\/v2\/media?parent=12022"}],"wp:term":[{"taxonomy":"product_cat","embeddable":true,"href":"https:\/\/www.promotio.sk\/cs\/wp-json\/wp\/v2\/product_cat?post=12022"},{"taxonomy":"product_tag","embeddable":true,"href":"https:\/\/www.promotio.sk\/cs\/wp-json\/wp\/v2\/product_tag?post=12022"}],"curies":[{"name":"wp","href":"https:\/\/api.w.org\/{rel}","templated":true}]}}