{"id":11953,"date":"2024-03-07T15:08:48","date_gmt":"2024-03-07T14:08:48","guid":{"rendered":"https:\/\/www.promotio.sk\/shop\/nezaraden\u00e9\/moket\/"},"modified":"2024-03-07T15:09:18","modified_gmt":"2024-03-07T14:09:18","slug":"moket","status":"publish","type":"product","link":"https:\/\/www.promotio.sk\/cs\/shop\/promo-items\/bags_travel\/bags\/moket\/","title":{"rendered":"MOKET"},"content":{"rendered":"<p>Ta\u0161ka z netkan\u00e9 textilie o gram\u00e1\u017ei 70 g\/m\u00b2, speci\u00e1ln\u011b ur\u010den\u00e1 pro sublimaci, se dnem a zes\u00edlen\u00fdmi kr\u00e1tk\u00fdmi uchy.<\/p>","protected":false},"excerpt":{"rendered":"<p>Ta\u0161ka z netkan\u00e9 textilie o gram\u00e1\u017ei 70 g\/m\u00b2, speci\u00e1ln\u011b ur\u010den\u00e1 pro sublimaci, se dnem a zes\u00edlen\u00fdmi kr\u00e1tk\u00fdmi uchy.<\/p>","protected":false},"featured_media":11954,"comment_status":"open","ping_status":"closed","template":"","meta":[],"product_cat":[304,298],"product_tag":[],"class_list":{"0":"post-11953","1":"product","2":"type-product","3":"status-publish","4":"has-post-thumbnail","6":"product_cat-bags","7":"product_cat-bags_travel","9":"first","10":"instock","11":"shipping-taxable","12":"purchasable","13":"product-type-variable"},"_links":{"self":[{"href":"https:\/\/www.promotio.sk\/cs\/wp-json\/wp\/v2\/product\/11953","targetHints":{"allow":["GET"]}}],"collection":[{"href":"https:\/\/www.promotio.sk\/cs\/wp-json\/wp\/v2\/product"}],"about":[{"href":"https:\/\/www.promotio.sk\/cs\/wp-json\/wp\/v2\/types\/product"}],"replies":[{"embeddable":true,"href":"https:\/\/www.promotio.sk\/cs\/wp-json\/wp\/v2\/comments?post=11953"}],"wp:featuredmedia":[{"embeddable":true,"href":"https:\/\/www.promotio.sk\/cs\/wp-json\/wp\/v2\/media\/11954"}],"wp:attachment":[{"href":"https:\/\/www.promotio.sk\/cs\/wp-json\/wp\/v2\/media?parent=11953"}],"wp:term":[{"taxonomy":"product_cat","embeddable":true,"href":"https:\/\/www.promotio.sk\/cs\/wp-json\/wp\/v2\/product_cat?post=11953"},{"taxonomy":"product_tag","embeddable":true,"href":"https:\/\/www.promotio.sk\/cs\/wp-json\/wp\/v2\/product_tag?post=11953"}],"curies":[{"name":"wp","href":"https:\/\/api.w.org\/{rel}","templated":true}]}}