{"id":11945,"date":"2024-03-07T15:07:33","date_gmt":"2024-03-07T14:07:33","guid":{"rendered":"https:\/\/www.promotio.sk\/shop\/nezaraden\u00e9\/paku\/"},"modified":"2024-03-07T15:08:46","modified_gmt":"2024-03-07T14:08:46","slug":"paku","status":"publish","type":"product","link":"https:\/\/www.promotio.sk\/cs\/shop\/promo-items\/bags_travel\/bags\/paku\/","title":{"rendered":"PAKU"},"content":{"rendered":"<p>Ta\u0161ka z netkan\u00e9 textilie o gram\u00e1\u017ei 70 g\/m\u00b2, speci\u00e1ln\u011b ur\u010den\u00e1 pro sublimaci, se zes\u00edlen\u00fdmi rukoje\u0165mi.<br \/>Slo\u017een\u00ed: <\/p>","protected":false},"excerpt":{"rendered":"<p>70 gsm non-woven bag, special for sublimation, with reinforced handles.Composition:<\/p>","protected":false},"featured_media":11946,"comment_status":"open","ping_status":"closed","template":"","meta":[],"product_cat":[304,298],"product_tag":[],"class_list":{"0":"post-11945","1":"product","2":"type-product","3":"status-publish","4":"has-post-thumbnail","6":"product_cat-bags","7":"product_cat-bags_travel","9":"first","10":"instock","11":"shipping-taxable","12":"purchasable","13":"product-type-variable"},"_links":{"self":[{"href":"https:\/\/www.promotio.sk\/cs\/wp-json\/wp\/v2\/product\/11945","targetHints":{"allow":["GET"]}}],"collection":[{"href":"https:\/\/www.promotio.sk\/cs\/wp-json\/wp\/v2\/product"}],"about":[{"href":"https:\/\/www.promotio.sk\/cs\/wp-json\/wp\/v2\/types\/product"}],"replies":[{"embeddable":true,"href":"https:\/\/www.promotio.sk\/cs\/wp-json\/wp\/v2\/comments?post=11945"}],"wp:featuredmedia":[{"embeddable":true,"href":"https:\/\/www.promotio.sk\/cs\/wp-json\/wp\/v2\/media\/11946"}],"wp:attachment":[{"href":"https:\/\/www.promotio.sk\/cs\/wp-json\/wp\/v2\/media?parent=11945"}],"wp:term":[{"taxonomy":"product_cat","embeddable":true,"href":"https:\/\/www.promotio.sk\/cs\/wp-json\/wp\/v2\/product_cat?post=11945"},{"taxonomy":"product_tag","embeddable":true,"href":"https:\/\/www.promotio.sk\/cs\/wp-json\/wp\/v2\/product_tag?post=11945"}],"curies":[{"name":"wp","href":"https:\/\/api.w.org\/{rel}","templated":true}]}}