{"id":11902,"date":"2024-03-07T15:03:37","date_gmt":"2024-03-07T14:03:37","guid":{"rendered":"https:\/\/www.promotio.sk\/shop\/nezaraden\u00e9\/cenix\/"},"modified":"2024-03-07T20:30:30","modified_gmt":"2024-03-07T19:30:30","slug":"cenix","status":"publish","type":"product","link":"https:\/\/www.promotio.sk\/cs\/shop\/promo-items\/bags_travel\/bags\/cenix\/","title":{"rendered":"CENIX"},"content":{"rendered":"<p>Kapesn\u00ed popeln\u00edk s vnit\u0159n\u00edm prostorem z neho\u0159lav\u00e9ho hlin\u00edku. Klapka se zap\u00edn\u00e1n\u00edm na knofl\u00edk. K dispozici v r\u016fzn\u00fdch barv\u00e1ch.<br \/>\n<br \/>Slo\u017een\u00ed: PVC a hlin\u00edk.<\/p>","protected":false},"excerpt":{"rendered":"<p>Pocket ashtray with interior in fireproof aluminium. Flap with clasp button fastening. Available in different colours. Composition: PVC and aluminium.<\/p>","protected":false},"featured_media":11903,"comment_status":"open","ping_status":"closed","template":"","meta":[],"product_cat":[304,298],"product_tag":[],"class_list":{"0":"post-11902","1":"product","2":"type-product","3":"status-publish","4":"has-post-thumbnail","6":"product_cat-bags","7":"product_cat-bags_travel","9":"first","10":"instock","11":"shipping-taxable","12":"purchasable","13":"product-type-variable"},"_links":{"self":[{"href":"https:\/\/www.promotio.sk\/cs\/wp-json\/wp\/v2\/product\/11902","targetHints":{"allow":["GET"]}}],"collection":[{"href":"https:\/\/www.promotio.sk\/cs\/wp-json\/wp\/v2\/product"}],"about":[{"href":"https:\/\/www.promotio.sk\/cs\/wp-json\/wp\/v2\/types\/product"}],"replies":[{"embeddable":true,"href":"https:\/\/www.promotio.sk\/cs\/wp-json\/wp\/v2\/comments?post=11902"}],"wp:featuredmedia":[{"embeddable":true,"href":"https:\/\/www.promotio.sk\/cs\/wp-json\/wp\/v2\/media\/11903"}],"wp:attachment":[{"href":"https:\/\/www.promotio.sk\/cs\/wp-json\/wp\/v2\/media?parent=11902"}],"wp:term":[{"taxonomy":"product_cat","embeddable":true,"href":"https:\/\/www.promotio.sk\/cs\/wp-json\/wp\/v2\/product_cat?post=11902"},{"taxonomy":"product_tag","embeddable":true,"href":"https:\/\/www.promotio.sk\/cs\/wp-json\/wp\/v2\/product_tag?post=11902"}],"curies":[{"name":"wp","href":"https:\/\/api.w.org\/{rel}","templated":true}]}}