{"id":11787,"date":"2024-03-07T14:02:25","date_gmt":"2024-03-07T13:02:25","guid":{"rendered":"https:\/\/www.promotio.sk\/shop\/nezaraden\u00e9\/bopp\/"},"modified":"2024-03-07T14:03:42","modified_gmt":"2024-03-07T13:03:42","slug":"bopp","status":"publish","type":"product","link":"https:\/\/www.promotio.sk\/cs\/shop\/promo-items\/technology\/chargers\/bopp\/","title":{"rendered":"BOPP"},"content":{"rendered":"<p>Univerz\u00e1ln\u00ed cestovn\u00ed adapt\u00e9r s kompaktn\u00edm a zasouvac\u00edm designem s LED sv\u011btlem. Navr\u017een s matn\u00fdm povrchem a m\u011bkk\u00fdm povrchem. Vhodn\u00fd pro pou\u017eit\u00ed v Evrop\u011b, Asii, Velk\u00e9 Brit\u00e1nii, USA a Austr\u00e1lii. M\u00e1 2 USB v\u00fdstupy a rychlost nab\u00edjen\u00ed 2100 mAh.<br \/>\n<br \/>Pozn\u00e1mky: Nap\u00e1jen\u00ed st\u0159\u00eddav\u00fdm proudem: max. 6 A, 100\u2013250 V (max. 660 W p\u0159i 110 V, max. 1380 W p\u0159i 230 V).<br \/>\nNap\u00e1jen\u00ed p\u0159es USB: 5V\/2,1A nebo 1A.<br \/>\nVestav\u011bn\u00fd bezpe\u010dnostn\u00ed mechanismus.<br \/>\nLED indik\u00e1tor.<br \/>\nVestav\u011bn\u00e1 pojistka 6A.<br \/>\nUSB port pro nab\u00edjen\u00ed pomoc\u00ed USB kabelu.<br \/>\nN\u00e1vod k pou\u017eit\u00ed je k dispozici ve 2 jazyc\u00edch: \u0161pan\u011bl\u0161tin\u011b a angli\u010dtin\u011b.<br \/>\nPrezentace v b\u00edl\u00e9 krabici.<\/p>","protected":false},"excerpt":{"rendered":"<p>Universal travel adapter with compact and retractable design, with LED light. Designed with a matte finish and soft touch. Valid<\/p>","protected":false},"featured_media":11788,"comment_status":"open","ping_status":"closed","template":"","meta":[],"product_cat":[289,286],"product_tag":[],"class_list":{"0":"post-11787","1":"product","2":"type-product","3":"status-publish","4":"has-post-thumbnail","6":"product_cat-chargers","7":"product_cat-technology","9":"first","10":"instock","11":"shipping-taxable","12":"purchasable","13":"product-type-variable"},"_links":{"self":[{"href":"https:\/\/www.promotio.sk\/cs\/wp-json\/wp\/v2\/product\/11787","targetHints":{"allow":["GET"]}}],"collection":[{"href":"https:\/\/www.promotio.sk\/cs\/wp-json\/wp\/v2\/product"}],"about":[{"href":"https:\/\/www.promotio.sk\/cs\/wp-json\/wp\/v2\/types\/product"}],"replies":[{"embeddable":true,"href":"https:\/\/www.promotio.sk\/cs\/wp-json\/wp\/v2\/comments?post=11787"}],"wp:featuredmedia":[{"embeddable":true,"href":"https:\/\/www.promotio.sk\/cs\/wp-json\/wp\/v2\/media\/11788"}],"wp:attachment":[{"href":"https:\/\/www.promotio.sk\/cs\/wp-json\/wp\/v2\/media?parent=11787"}],"wp:term":[{"taxonomy":"product_cat","embeddable":true,"href":"https:\/\/www.promotio.sk\/cs\/wp-json\/wp\/v2\/product_cat?post=11787"},{"taxonomy":"product_tag","embeddable":true,"href":"https:\/\/www.promotio.sk\/cs\/wp-json\/wp\/v2\/product_tag?post=11787"}],"curies":[{"name":"wp","href":"https:\/\/api.w.org\/{rel}","templated":true}]}}