{"id":11758,"date":"2024-03-07T14:00:51","date_gmt":"2024-03-07T13:00:51","guid":{"rendered":"https:\/\/www.promotio.sk\/shop\/nezaraden\u00e9\/falcon\/"},"modified":"2024-03-07T14:01:48","modified_gmt":"2024-03-07T13:01:48","slug":"falcon","status":"publish","type":"product","link":"https:\/\/www.promotio.sk\/cs\/shop\/promo-items\/technology\/chargers\/falcon\/","title":{"rendered":"SOKOL"},"content":{"rendered":"<p>Wireless charger with 10W of power, made with aluminum body. Connect it, place your smartphone on top of it and leave it charging. A light will indicate that you are charging. Compatible with devices with wireless charging technology. DC5V\/1.0A. Cable included.<br \/>Slo\u017een\u00ed: Hlin\u00edkov\u00e9 t\u011blo.<br \/>Remarks: Input voltage: 5V 2A &#038; 9V 1.67A.Input power: 15W (MAX).<br \/>\nOutput power: 10W (MAX).<br \/>\n\u00da\u010dinnost nab\u00edjen\u00ed: \u2264 83%<br \/>\nInstructions manual available in 6 languages: Spanish, English, Portuguese, German, French and Italian.<br \/>\nPrezentace v designov\u00e9m boxu. <\/p>","protected":false},"excerpt":{"rendered":"<p>Wireless charger with 10W of power, made with aluminum body. Connect it, place your smartphone on top of it and<\/p>","protected":false},"featured_media":11759,"comment_status":"open","ping_status":"closed","template":"","meta":[],"product_cat":[289,286],"product_tag":[],"class_list":{"0":"post-11758","1":"product","2":"type-product","3":"status-publish","4":"has-post-thumbnail","6":"product_cat-chargers","7":"product_cat-technology","9":"first","10":"instock","11":"shipping-taxable","12":"purchasable","13":"product-type-variable"},"_links":{"self":[{"href":"https:\/\/www.promotio.sk\/cs\/wp-json\/wp\/v2\/product\/11758","targetHints":{"allow":["GET"]}}],"collection":[{"href":"https:\/\/www.promotio.sk\/cs\/wp-json\/wp\/v2\/product"}],"about":[{"href":"https:\/\/www.promotio.sk\/cs\/wp-json\/wp\/v2\/types\/product"}],"replies":[{"embeddable":true,"href":"https:\/\/www.promotio.sk\/cs\/wp-json\/wp\/v2\/comments?post=11758"}],"wp:featuredmedia":[{"embeddable":true,"href":"https:\/\/www.promotio.sk\/cs\/wp-json\/wp\/v2\/media\/11759"}],"wp:attachment":[{"href":"https:\/\/www.promotio.sk\/cs\/wp-json\/wp\/v2\/media?parent=11758"}],"wp:term":[{"taxonomy":"product_cat","embeddable":true,"href":"https:\/\/www.promotio.sk\/cs\/wp-json\/wp\/v2\/product_cat?post=11758"},{"taxonomy":"product_tag","embeddable":true,"href":"https:\/\/www.promotio.sk\/cs\/wp-json\/wp\/v2\/product_tag?post=11758"}],"curies":[{"name":"wp","href":"https:\/\/api.w.org\/{rel}","templated":true}]}}