{"id":11735,"date":"2024-03-07T13:59:35","date_gmt":"2024-03-07T12:59:35","guid":{"rendered":"https:\/\/www.promotio.sk\/shop\/nezaraden\u00e9\/lander\/"},"modified":"2024-03-07T14:00:36","modified_gmt":"2024-03-07T13:00:36","slug":"lander","status":"publish","type":"product","link":"https:\/\/www.promotio.sk\/cs\/shop\/promo-items\/technology\/chargers\/lander\/","title":{"rendered":"LANDER"},"content":{"rendered":"<p>Bezdr\u00e1tov\u00e1 nab\u00edjec\u00ed z\u00e1kladna pro chytr\u00fd telefon. P\u0159ipojte za\u0159\u00edzen\u00ed, polo\u017ete na n\u011bj chytr\u00fd telefon a nechte jej nab\u00edjet. Kompatibiln\u00ed se za\u0159\u00edzen\u00edmi s technologi\u00ed bezdr\u00e1tov\u00e9ho nab\u00edjen\u00ed. V\u00fdkon 5 W. Kabel je sou\u010d\u00e1st\u00ed balen\u00ed. <br \/>Pozn\u00e1mky: Vstupn\u00ed nap\u011bt\u00ed: 5V 2A<br \/>\nVstupn\u00ed v\u00fdkon: 5 W (MAX).<br \/>\nV\u00fdstupn\u00ed v\u00fdkon: 5 W (MAX).<br \/>\n\u00da\u010dinnost nab\u00edjen\u00ed: \u2264 83%<br \/>\nN\u00e1vod k pou\u017eit\u00ed je k dispozici ve 2 jazyc\u00edch: \u0161pan\u011bl\u0161tin\u011b a angli\u010dtin\u011b.<br \/>\nDod\u00e1v\u00e1no v designov\u00e9 krabi\u010dce. <\/p>","protected":false},"excerpt":{"rendered":"<p>Wireless charging base for smartphone. Connect the device, place your smartphone on top of it and leave it to charge.<\/p>","protected":false},"featured_media":11736,"comment_status":"open","ping_status":"closed","template":"","meta":[],"product_cat":[289,286],"product_tag":[],"class_list":{"0":"post-11735","1":"product","2":"type-product","3":"status-publish","4":"has-post-thumbnail","6":"product_cat-chargers","7":"product_cat-technology","9":"first","10":"instock","11":"shipping-taxable","12":"purchasable","13":"product-type-variable"},"_links":{"self":[{"href":"https:\/\/www.promotio.sk\/cs\/wp-json\/wp\/v2\/product\/11735","targetHints":{"allow":["GET"]}}],"collection":[{"href":"https:\/\/www.promotio.sk\/cs\/wp-json\/wp\/v2\/product"}],"about":[{"href":"https:\/\/www.promotio.sk\/cs\/wp-json\/wp\/v2\/types\/product"}],"replies":[{"embeddable":true,"href":"https:\/\/www.promotio.sk\/cs\/wp-json\/wp\/v2\/comments?post=11735"}],"wp:featuredmedia":[{"embeddable":true,"href":"https:\/\/www.promotio.sk\/cs\/wp-json\/wp\/v2\/media\/11736"}],"wp:attachment":[{"href":"https:\/\/www.promotio.sk\/cs\/wp-json\/wp\/v2\/media?parent=11735"}],"wp:term":[{"taxonomy":"product_cat","embeddable":true,"href":"https:\/\/www.promotio.sk\/cs\/wp-json\/wp\/v2\/product_cat?post=11735"},{"taxonomy":"product_tag","embeddable":true,"href":"https:\/\/www.promotio.sk\/cs\/wp-json\/wp\/v2\/product_tag?post=11735"}],"curies":[{"name":"wp","href":"https:\/\/api.w.org\/{rel}","templated":true}]}}