{"id":11644,"date":"2024-03-07T13:54:39","date_gmt":"2024-03-07T12:54:39","guid":{"rendered":"https:\/\/www.promotio.sk\/shop\/nezaraden\u00e9\/rayel\/"},"modified":"2024-03-07T13:55:31","modified_gmt":"2024-03-07T12:55:31","slug":"rayel","status":"publish","type":"product","link":"https:\/\/www.promotio.sk\/cs\/shop\/promo-items\/technology\/sound\/rayel\/","title":{"rendered":"RAYEL"},"content":{"rendered":"<p>Bluetooth 5.0 wireless headset with integrated control panel and stereo technology. Folding. Comfortable eco-leather pads. Hands-free function and FM radio. Rechargeable battery and cable included. <br \/>Composition: Ear padding in imitation leather.<br \/>Remarks: USB Charge: DC 5V IN.<br \/>\nBluetooth frequency: 2.401 \u2013 2.480GHz.<br \/>\nBluetooth distance: 10 metres.<br \/>\nFrequency: 50Hz \u2013 20KHz.<br \/>\nOutput power: 35 mw.<br \/>\nSNR: 88dB<br \/>\nRecharge time: approximately 2 hours.<br \/>\nN\u00e1vod k pou\u017eit\u00ed je k dispozici ve 2 jazyc\u00edch: \u0161pan\u011bl\u0161tin\u011b a angli\u010dtin\u011b.<br \/>\nPrezentace v designov\u00e9m boxu. <\/p>","protected":false},"excerpt":{"rendered":"<p>Bluetooth 5.0 wireless headset with integrated control panel and stereo technology. Folding. Comfortable eco-leather pads. Hands-free function and FM radio.<\/p>","protected":false},"featured_media":11645,"comment_status":"open","ping_status":"closed","template":"","meta":[],"product_cat":[290,286],"product_tag":[],"class_list":{"0":"post-11644","1":"product","2":"type-product","3":"status-publish","4":"has-post-thumbnail","6":"product_cat-sound","7":"product_cat-technology","9":"first","10":"instock","11":"shipping-taxable","12":"purchasable","13":"product-type-variable"},"_links":{"self":[{"href":"https:\/\/www.promotio.sk\/cs\/wp-json\/wp\/v2\/product\/11644","targetHints":{"allow":["GET"]}}],"collection":[{"href":"https:\/\/www.promotio.sk\/cs\/wp-json\/wp\/v2\/product"}],"about":[{"href":"https:\/\/www.promotio.sk\/cs\/wp-json\/wp\/v2\/types\/product"}],"replies":[{"embeddable":true,"href":"https:\/\/www.promotio.sk\/cs\/wp-json\/wp\/v2\/comments?post=11644"}],"wp:featuredmedia":[{"embeddable":true,"href":"https:\/\/www.promotio.sk\/cs\/wp-json\/wp\/v2\/media\/11645"}],"wp:attachment":[{"href":"https:\/\/www.promotio.sk\/cs\/wp-json\/wp\/v2\/media?parent=11644"}],"wp:term":[{"taxonomy":"product_cat","embeddable":true,"href":"https:\/\/www.promotio.sk\/cs\/wp-json\/wp\/v2\/product_cat?post=11644"},{"taxonomy":"product_tag","embeddable":true,"href":"https:\/\/www.promotio.sk\/cs\/wp-json\/wp\/v2\/product_tag?post=11644"}],"curies":[{"name":"wp","href":"https:\/\/api.w.org\/{rel}","templated":true}]}}