{"id":11573,"date":"2024-03-07T13:50:56","date_gmt":"2024-03-07T12:50:56","guid":{"rendered":"https:\/\/www.promotio.sk\/shop\/nezaraden\u00e9\/funk\/"},"modified":"2024-03-07T13:51:39","modified_gmt":"2024-03-07T12:51:39","slug":"funk","status":"publish","type":"product","link":"https:\/\/www.promotio.sk\/cs\/shop\/promo-items\/technology\/sound\/funk\/","title":{"rendered":"FUNK"},"content":{"rendered":"<p>Bluetooth 5.0 Wireless Headset with Charging Case. LED charging indicator on the case and multi-function button integrated in both headsets. You can listen to them wherever you want with the hands-free function and easily transport them in their case with a rechargeable battery and lid. Duration 3 to 4 hours Cable included. <br \/>Slo\u017een\u00ed: Plast<br \/>Remarks: Bluetooth version: 5.1 + BR + EDR + BLE<br \/>\nControl mode: a2dp\/avctp\/avdtp\/avrcp\/hfp\/spp\/smp\/att\/gap\/gatt\/rfcomm\/sdp\/L2cap<br \/>\nSensitivity: -90 dBm<br \/>\nBluetooth operating distance: 10 metres (in an unobstructed environment).<br \/>\nOperating time: 3-4 hours<br \/>\nTime on calls: 2-3 hours<br \/>\nCharging time: 1.5 hours for the case and 1 hour for the headsets.<br \/>\nN\u00e1vod k pou\u017eit\u00ed je k dispozici ve 2 jazyc\u00edch: \u0161pan\u011bl\u0161tin\u011b a angli\u010dtin\u011b.<br \/>\nPrezentace v designov\u00e9m boxu.<\/p>","protected":false},"excerpt":{"rendered":"<p>Bluetooth 5.0 Wireless Headset with Charging Case. LED charging indicator on the case and multi-function button integrated in both headsets.<\/p>","protected":false},"featured_media":11574,"comment_status":"open","ping_status":"closed","template":"","meta":[],"product_cat":[290,286],"product_tag":[],"class_list":{"0":"post-11573","1":"product","2":"type-product","3":"status-publish","4":"has-post-thumbnail","6":"product_cat-sound","7":"product_cat-technology","9":"first","10":"instock","11":"shipping-taxable","12":"purchasable","13":"product-type-variable"},"_links":{"self":[{"href":"https:\/\/www.promotio.sk\/cs\/wp-json\/wp\/v2\/product\/11573","targetHints":{"allow":["GET"]}}],"collection":[{"href":"https:\/\/www.promotio.sk\/cs\/wp-json\/wp\/v2\/product"}],"about":[{"href":"https:\/\/www.promotio.sk\/cs\/wp-json\/wp\/v2\/types\/product"}],"replies":[{"embeddable":true,"href":"https:\/\/www.promotio.sk\/cs\/wp-json\/wp\/v2\/comments?post=11573"}],"wp:featuredmedia":[{"embeddable":true,"href":"https:\/\/www.promotio.sk\/cs\/wp-json\/wp\/v2\/media\/11574"}],"wp:attachment":[{"href":"https:\/\/www.promotio.sk\/cs\/wp-json\/wp\/v2\/media?parent=11573"}],"wp:term":[{"taxonomy":"product_cat","embeddable":true,"href":"https:\/\/www.promotio.sk\/cs\/wp-json\/wp\/v2\/product_cat?post=11573"},{"taxonomy":"product_tag","embeddable":true,"href":"https:\/\/www.promotio.sk\/cs\/wp-json\/wp\/v2\/product_tag?post=11573"}],"curies":[{"name":"wp","href":"https:\/\/api.w.org\/{rel}","templated":true}]}}