{"id":11519,"date":"2024-03-07T13:47:52","date_gmt":"2024-03-07T12:47:52","guid":{"rendered":"https:\/\/www.promotio.sk\/shop\/nezaraden\u00e9\/folk\/"},"modified":"2024-03-07T13:49:16","modified_gmt":"2024-03-07T12:49:16","slug":"folk","status":"publish","type":"product","link":"https:\/\/www.promotio.sk\/cs\/shop\/promo-items\/technology\/sound\/folk\/","title":{"rendered":"FOLK"},"content":{"rendered":"<p>Wireless earbuds in recycled ABS and natural cork. Charging case with rechargable battery. Touch control panel in-built on the earpiece. Hands-free function. Type C connection. Cable included. <br \/>Slo\u017een\u00ed: Recyklovan\u00fd ABS a p\u0159\u00edrodn\u00ed korek.<br \/>Pozn\u00e1mky: Prezentace v eko designov\u00e9 krabi\u010dce.<br \/>\nBluetooth 5.0<br \/>\nMaximum working distance: 10 metres<br \/>\nCharging case battery: 300 mAh<br \/>\nWorking time: 4-5 hours<br \/>\nImpedance: 32\u03a9 <\/p>","protected":false},"excerpt":{"rendered":"<p>Wireless earbuds in recycled ABS and natural cork. Charging case with rechargable battery. Touch control panel in-built on the earpiece.<\/p>","protected":false},"featured_media":11520,"comment_status":"open","ping_status":"closed","template":"","meta":[],"product_cat":[290,286],"product_tag":[],"class_list":{"0":"post-11519","1":"product","2":"type-product","3":"status-publish","4":"has-post-thumbnail","6":"product_cat-sound","7":"product_cat-technology","9":"first","10":"instock","11":"shipping-taxable","12":"purchasable","13":"product-type-variable"},"_links":{"self":[{"href":"https:\/\/www.promotio.sk\/cs\/wp-json\/wp\/v2\/product\/11519","targetHints":{"allow":["GET"]}}],"collection":[{"href":"https:\/\/www.promotio.sk\/cs\/wp-json\/wp\/v2\/product"}],"about":[{"href":"https:\/\/www.promotio.sk\/cs\/wp-json\/wp\/v2\/types\/product"}],"replies":[{"embeddable":true,"href":"https:\/\/www.promotio.sk\/cs\/wp-json\/wp\/v2\/comments?post=11519"}],"wp:featuredmedia":[{"embeddable":true,"href":"https:\/\/www.promotio.sk\/cs\/wp-json\/wp\/v2\/media\/11520"}],"wp:attachment":[{"href":"https:\/\/www.promotio.sk\/cs\/wp-json\/wp\/v2\/media?parent=11519"}],"wp:term":[{"taxonomy":"product_cat","embeddable":true,"href":"https:\/\/www.promotio.sk\/cs\/wp-json\/wp\/v2\/product_cat?post=11519"},{"taxonomy":"product_tag","embeddable":true,"href":"https:\/\/www.promotio.sk\/cs\/wp-json\/wp\/v2\/product_tag?post=11519"}],"curies":[{"name":"wp","href":"https:\/\/api.w.org\/{rel}","templated":true}]}}