{"id":11506,"date":"2024-03-07T13:47:13","date_gmt":"2024-03-07T12:47:13","guid":{"rendered":"https:\/\/www.promotio.sk\/shop\/nezaraden\u00e9\/kuasi\/"},"modified":"2024-03-07T13:47:51","modified_gmt":"2024-03-07T12:47:51","slug":"kuasi","status":"publish","type":"product","link":"https:\/\/www.promotio.sk\/cs\/shop\/promo-items\/technology\/sound\/kuasi\/","title":{"rendered":"KUASI"},"content":{"rendered":"<p>Wireless earbuds in wheat fibre and bamboo, with charging case. In-built control panel with touch technology. Hands-free function. Rechargable battery. Type C cable included. <br \/>Composition: Wheat fibre and bamboo.<br \/>Pozn\u00e1mky: Prezentace v eko designov\u00e9 krabi\u010dce.<br \/>\nBluetooth 5.0<br \/>\nMaximum working distance: 10 metres<br \/>\nCharging case battery: 200 mAh<br \/>\nWorking time: 3-4 hours<br \/>\nImpedance: 32\u03a9 <\/p>","protected":false},"excerpt":{"rendered":"<p>Wireless earbuds in wheat fibre and bamboo, with charging case. In-built control panel with touch technology. Hands-free function. Rechargable battery.<\/p>","protected":false},"featured_media":11507,"comment_status":"open","ping_status":"closed","template":"","meta":[],"product_cat":[290,286],"product_tag":[],"class_list":{"0":"post-11506","1":"product","2":"type-product","3":"status-publish","4":"has-post-thumbnail","6":"product_cat-sound","7":"product_cat-technology","9":"first","10":"instock","11":"shipping-taxable","12":"purchasable","13":"product-type-variable"},"_links":{"self":[{"href":"https:\/\/www.promotio.sk\/cs\/wp-json\/wp\/v2\/product\/11506","targetHints":{"allow":["GET"]}}],"collection":[{"href":"https:\/\/www.promotio.sk\/cs\/wp-json\/wp\/v2\/product"}],"about":[{"href":"https:\/\/www.promotio.sk\/cs\/wp-json\/wp\/v2\/types\/product"}],"replies":[{"embeddable":true,"href":"https:\/\/www.promotio.sk\/cs\/wp-json\/wp\/v2\/comments?post=11506"}],"wp:featuredmedia":[{"embeddable":true,"href":"https:\/\/www.promotio.sk\/cs\/wp-json\/wp\/v2\/media\/11507"}],"wp:attachment":[{"href":"https:\/\/www.promotio.sk\/cs\/wp-json\/wp\/v2\/media?parent=11506"}],"wp:term":[{"taxonomy":"product_cat","embeddable":true,"href":"https:\/\/www.promotio.sk\/cs\/wp-json\/wp\/v2\/product_cat?post=11506"},{"taxonomy":"product_tag","embeddable":true,"href":"https:\/\/www.promotio.sk\/cs\/wp-json\/wp\/v2\/product_tag?post=11506"}],"curies":[{"name":"wp","href":"https:\/\/api.w.org\/{rel}","templated":true}]}}