{"id":11454,"date":"2024-03-07T13:44:35","date_gmt":"2024-03-07T12:44:35","guid":{"rendered":"https:\/\/www.promotio.sk\/shop\/nezaraden\u00e9\/cronos\/"},"modified":"2024-03-07T13:45:24","modified_gmt":"2024-03-07T12:45:24","slug":"cronos","status":"publish","type":"product","link":"https:\/\/www.promotio.sk\/cs\/shop\/promo-items\/technology\/technology_multifunction\/cronos\/","title":{"rendered":"CRONOS"},"content":{"rendered":"<p>The weather station with a bamboo front shell is a perfect combination of functionality and natural style. With its sleek and sustainable design, this weather station is an impressive addition to any home or office.<br \/>\nNot only does this weather station provide you with information about temperature and humidity, but it also has additional features. You can use it as a watch, calendar and alarm clock, which makes it a multifunctional and practical accessory for your day-to-day.<br \/>\nIntegrated temperature and humidity sensors ensure accurate and up-to-date measurements. You will be able to maintain complete control of the indoor climate and adapt your environment according to your preferences and needs.<br \/>\nFor added convenience, this weather station is powered by 2 batteries which are included, allowing you to use it immediately without any complicated installation.<br \/>\nIn addition to its technical features, this weather station comes in an eco-design box, reinforcing its sustainable and environmentally friendly approach. It is a perfect choice for those looking for products that combine functionality and eco-consciousness.<br \/>Composition:  Bamboo<br \/>Pozn\u00e1mky: Prezentace v eko designov\u00e9 krabi\u010dce.<\/p>","protected":false},"excerpt":{"rendered":"<p>The weather station with a bamboo front shell is a perfect combination of functionality and natural style. With its sleek<\/p>","protected":false},"featured_media":11455,"comment_status":"open","ping_status":"closed","template":"","meta":[],"product_cat":[287,286],"product_tag":[],"class_list":{"0":"post-11454","1":"product","2":"type-product","3":"status-publish","4":"has-post-thumbnail","6":"product_cat-technology_multifunction","7":"product_cat-technology","9":"first","10":"instock","11":"shipping-taxable","12":"purchasable","13":"product-type-variable"},"_links":{"self":[{"href":"https:\/\/www.promotio.sk\/cs\/wp-json\/wp\/v2\/product\/11454","targetHints":{"allow":["GET"]}}],"collection":[{"href":"https:\/\/www.promotio.sk\/cs\/wp-json\/wp\/v2\/product"}],"about":[{"href":"https:\/\/www.promotio.sk\/cs\/wp-json\/wp\/v2\/types\/product"}],"replies":[{"embeddable":true,"href":"https:\/\/www.promotio.sk\/cs\/wp-json\/wp\/v2\/comments?post=11454"}],"wp:featuredmedia":[{"embeddable":true,"href":"https:\/\/www.promotio.sk\/cs\/wp-json\/wp\/v2\/media\/11455"}],"wp:attachment":[{"href":"https:\/\/www.promotio.sk\/cs\/wp-json\/wp\/v2\/media?parent=11454"}],"wp:term":[{"taxonomy":"product_cat","embeddable":true,"href":"https:\/\/www.promotio.sk\/cs\/wp-json\/wp\/v2\/product_cat?post=11454"},{"taxonomy":"product_tag","embeddable":true,"href":"https:\/\/www.promotio.sk\/cs\/wp-json\/wp\/v2\/product_tag?post=11454"}],"curies":[{"name":"wp","href":"https:\/\/api.w.org\/{rel}","templated":true}]}}