{"id":11436,"date":"2024-03-07T13:43:38","date_gmt":"2024-03-07T12:43:38","guid":{"rendered":"https:\/\/www.promotio.sk\/shop\/nezaraden\u00e9\/icarus\/"},"modified":"2024-03-07T13:44:18","modified_gmt":"2024-03-07T12:44:18","slug":"icarus","status":"publish","type":"product","link":"https:\/\/www.promotio.sk\/cs\/shop\/promo-items\/technology\/technology_multifunction\/icarus\/","title":{"rendered":"ICARUS"},"content":{"rendered":"<p>Watch with 5W wireless charger made of MDF wood, with 3 lighting modes. It has other additional functions: time, date, alarm, and temperature. Up to 3 independent alarms can be set. USB charging cable included.<br \/>Slo\u017een\u00ed: D\u0159evo<br \/>Remarks: Presentation in eco design box.Input Power: DC5V-2A<br \/>\nOutput Power: 5V-1A<br \/>\nWireless charger compatible with mobile devices with QI technology.<br \/>\nIncludes 2 button batteries (LR1130) for configuration memory.<br \/>\nIncludes USB charging cable.<\/p>","protected":false},"excerpt":{"rendered":"<p>Watch with 5W wireless charger made of MDF wood, with 3 lighting modes. It has other additional functions: time, date,<\/p>","protected":false},"featured_media":11437,"comment_status":"open","ping_status":"closed","template":"","meta":[],"product_cat":[289,287,286],"product_tag":[],"class_list":{"0":"post-11436","1":"product","2":"type-product","3":"status-publish","4":"has-post-thumbnail","6":"product_cat-chargers","7":"product_cat-technology_multifunction","8":"product_cat-technology","10":"first","11":"instock","12":"shipping-taxable","13":"purchasable","14":"product-type-variable"},"_links":{"self":[{"href":"https:\/\/www.promotio.sk\/cs\/wp-json\/wp\/v2\/product\/11436","targetHints":{"allow":["GET"]}}],"collection":[{"href":"https:\/\/www.promotio.sk\/cs\/wp-json\/wp\/v2\/product"}],"about":[{"href":"https:\/\/www.promotio.sk\/cs\/wp-json\/wp\/v2\/types\/product"}],"replies":[{"embeddable":true,"href":"https:\/\/www.promotio.sk\/cs\/wp-json\/wp\/v2\/comments?post=11436"}],"wp:featuredmedia":[{"embeddable":true,"href":"https:\/\/www.promotio.sk\/cs\/wp-json\/wp\/v2\/media\/11437"}],"wp:attachment":[{"href":"https:\/\/www.promotio.sk\/cs\/wp-json\/wp\/v2\/media?parent=11436"}],"wp:term":[{"taxonomy":"product_cat","embeddable":true,"href":"https:\/\/www.promotio.sk\/cs\/wp-json\/wp\/v2\/product_cat?post=11436"},{"taxonomy":"product_tag","embeddable":true,"href":"https:\/\/www.promotio.sk\/cs\/wp-json\/wp\/v2\/product_tag?post=11436"}],"curies":[{"name":"wp","href":"https:\/\/api.w.org\/{rel}","templated":true}]}}