{"id":11422,"date":"2024-03-07T13:42:58","date_gmt":"2024-03-07T12:42:58","guid":{"rendered":"https:\/\/www.promotio.sk\/shop\/nezaraden\u00e9\/nebula\/"},"modified":"2024-03-07T13:43:32","modified_gmt":"2024-03-07T12:43:32","slug":"nebula","status":"publish","type":"product","link":"https:\/\/www.promotio.sk\/cs\/shop\/promo-items\/technology\/chargers\/nebula\/","title":{"rendered":"NEBULA"},"content":{"rendered":"<p>Wireless charger with bamboo body. Up to 3 devices can be charged simultaneously. Compatible with devices with wireless charging technology. Type C. 5W power. DC5V\/2.1A USB Current Output.<br \/>Slo\u017een\u00ed: P\u0159\u00edrodn\u00ed bambus.<br \/>Remarks: Operating distance: up to 6mm<br \/>\nInput voltage: DC 5V- 3 A<br \/>\nWireless output power: 5V -1A \/ 5W.<br \/>\nUSB OUTPUT: 5V- 2A<br \/>\nMaterial: Bamboo<br \/>\nValid ONLY for mobile devices with QI wireless charging technology.<br \/>\nInstructions manual in 6 languages: Spanish, English, French, Italian, German and Portuguese.<br \/>\nPrezentace v eko designov\u00e9 krabici.<\/p>","protected":false},"excerpt":{"rendered":"<p>Wireless charger with bamboo body. Up to 3 devices can be charged simultaneously. Compatible with devices with wireless charging technology.<\/p>","protected":false},"featured_media":11423,"comment_status":"open","ping_status":"closed","template":"","meta":[],"product_cat":[289,286],"product_tag":[],"class_list":{"0":"post-11422","1":"product","2":"type-product","3":"status-publish","4":"has-post-thumbnail","6":"product_cat-chargers","7":"product_cat-technology","9":"first","10":"instock","11":"shipping-taxable","12":"purchasable","13":"product-type-variable"},"_links":{"self":[{"href":"https:\/\/www.promotio.sk\/cs\/wp-json\/wp\/v2\/product\/11422","targetHints":{"allow":["GET"]}}],"collection":[{"href":"https:\/\/www.promotio.sk\/cs\/wp-json\/wp\/v2\/product"}],"about":[{"href":"https:\/\/www.promotio.sk\/cs\/wp-json\/wp\/v2\/types\/product"}],"replies":[{"embeddable":true,"href":"https:\/\/www.promotio.sk\/cs\/wp-json\/wp\/v2\/comments?post=11422"}],"wp:featuredmedia":[{"embeddable":true,"href":"https:\/\/www.promotio.sk\/cs\/wp-json\/wp\/v2\/media\/11423"}],"wp:attachment":[{"href":"https:\/\/www.promotio.sk\/cs\/wp-json\/wp\/v2\/media?parent=11422"}],"wp:term":[{"taxonomy":"product_cat","embeddable":true,"href":"https:\/\/www.promotio.sk\/cs\/wp-json\/wp\/v2\/product_cat?post=11422"},{"taxonomy":"product_tag","embeddable":true,"href":"https:\/\/www.promotio.sk\/cs\/wp-json\/wp\/v2\/product_tag?post=11422"}],"curies":[{"name":"wp","href":"https:\/\/api.w.org\/{rel}","templated":true}]}}