{"id":11387,"date":"2024-03-07T13:41:06","date_gmt":"2024-03-07T12:41:06","guid":{"rendered":"https:\/\/www.promotio.sk\/shop\/nezaraden\u00e9\/yarbo\/"},"modified":"2024-03-07T13:41:45","modified_gmt":"2024-03-07T12:41:45","slug":"yarbo","status":"publish","type":"product","link":"https:\/\/www.promotio.sk\/cs\/shop\/promo-items\/technology\/chargers\/yarbo\/","title":{"rendered":"YARBO"},"content":{"rendered":"<p>Bezdr\u00e1tov\u00e1 nab\u00edje\u010dka s konstrukc\u00ed z recyklovan\u00e9ho ABS a p\u0159\u00edrodn\u00edho korku. Rychl\u00e9 nab\u00edjen\u00ed 10 W. P\u0159ipojen\u00ed typu C. Kabel je sou\u010d\u00e1st\u00ed balen\u00ed. <br \/>Slo\u017een\u00ed: Recyklovan\u00fd ABS a p\u0159\u00edrodn\u00ed korek.<br \/>Pozn\u00e1mky: Prezentace v eko designov\u00e9 krabi\u010dce.<br \/>\nVstup: 5V-9V\/1,4-2A.<br \/>\nV\u00fdstup: 9V\/1,1A.<\/p>","protected":false},"excerpt":{"rendered":"<p>Wireless charger with structure in recycled ABS and natural cork. 10W fast charge. Type C connection. Cable included. Composition: Recycled<\/p>","protected":false},"featured_media":11388,"comment_status":"open","ping_status":"closed","template":"","meta":[],"product_cat":[289,286],"product_tag":[],"class_list":{"0":"post-11387","1":"product","2":"type-product","3":"status-publish","4":"has-post-thumbnail","6":"product_cat-chargers","7":"product_cat-technology","9":"first","10":"instock","11":"shipping-taxable","12":"purchasable","13":"product-type-variable"},"_links":{"self":[{"href":"https:\/\/www.promotio.sk\/cs\/wp-json\/wp\/v2\/product\/11387","targetHints":{"allow":["GET"]}}],"collection":[{"href":"https:\/\/www.promotio.sk\/cs\/wp-json\/wp\/v2\/product"}],"about":[{"href":"https:\/\/www.promotio.sk\/cs\/wp-json\/wp\/v2\/types\/product"}],"replies":[{"embeddable":true,"href":"https:\/\/www.promotio.sk\/cs\/wp-json\/wp\/v2\/comments?post=11387"}],"wp:featuredmedia":[{"embeddable":true,"href":"https:\/\/www.promotio.sk\/cs\/wp-json\/wp\/v2\/media\/11388"}],"wp:attachment":[{"href":"https:\/\/www.promotio.sk\/cs\/wp-json\/wp\/v2\/media?parent=11387"}],"wp:term":[{"taxonomy":"product_cat","embeddable":true,"href":"https:\/\/www.promotio.sk\/cs\/wp-json\/wp\/v2\/product_cat?post=11387"},{"taxonomy":"product_tag","embeddable":true,"href":"https:\/\/www.promotio.sk\/cs\/wp-json\/wp\/v2\/product_tag?post=11387"}],"curies":[{"name":"wp","href":"https:\/\/api.w.org\/{rel}","templated":true}]}}