{"id":11347,"date":"2024-03-07T13:38:58","date_gmt":"2024-03-07T12:38:58","guid":{"rendered":"https:\/\/www.promotio.sk\/shop\/nezaraden\u00e9\/zicum\/"},"modified":"2024-03-07T13:39:45","modified_gmt":"2024-03-07T12:39:45","slug":"zicum","status":"publish","type":"product","link":"https:\/\/www.promotio.sk\/cs\/shop\/promo-items\/technology\/chargers\/zicum\/","title":{"rendered":"ZICUM"},"content":{"rendered":"<p>The support with bamboo body on the upper surface and white ABS on the lower body is a versatile and functional solution to keep your smartphone upright while charging wirelessly. Its design combines the warmth of bamboo with the durability of ABS, creating an elegant and modern look.<br \/>\nThe stand is adjustable, allowing you to place your smartphone at the most comfortable and suitable angle for you. You can view your notifications, videos, or make video calls while your device charges wirelessly.<br \/>\nThe built-in wireless charger at the base of the stand offers fast charging up to 15W, allowing you to charge your smartphone efficiently and conveniently. In addition, it has a type C connection for greater compatibility with current devices.<br \/>\nThe base of the stand is equipped with a rubber non-slip surface, ensuring that the stand and your smartphone stay firmly in place while charging. This provides a safe and stable experience.<br \/>\nThe wireless charger holder comes in an eco-design box, highlighting their commitment to sustainability and caring for the environment. It is an ideal choice for those looking for a practical and aesthetic solution without compromising style and environmental responsibility.<br \/>Composition: Bamb\u00fa y ABS<br \/>Remarks: Voltaje de entrada: DC 5V\/3 A , 9V\/2 A , 12V\/ 1.5 A<br \/>\nV\u00fdkon salida: 15 W (M\u00c1X.)<br \/>\nV\u00e1lido SOLO para dispositivos m\u00f3viles con tecnolog\u00eda de carga inal\u00e1mbrica QI.<br \/>\nPresentaci\u00f3n en caja dise\u00f1o eco.<\/p>","protected":false},"excerpt":{"rendered":"<p>The support with bamboo body on the upper surface and white ABS on the lower body is a versatile and<\/p>","protected":false},"featured_media":11348,"comment_status":"open","ping_status":"closed","template":"","meta":[],"product_cat":[289,286],"product_tag":[],"class_list":{"0":"post-11347","1":"product","2":"type-product","3":"status-publish","4":"has-post-thumbnail","6":"product_cat-chargers","7":"product_cat-technology","9":"first","10":"instock","11":"shipping-taxable","12":"purchasable","13":"product-type-variable"},"_links":{"self":[{"href":"https:\/\/www.promotio.sk\/cs\/wp-json\/wp\/v2\/product\/11347","targetHints":{"allow":["GET"]}}],"collection":[{"href":"https:\/\/www.promotio.sk\/cs\/wp-json\/wp\/v2\/product"}],"about":[{"href":"https:\/\/www.promotio.sk\/cs\/wp-json\/wp\/v2\/types\/product"}],"replies":[{"embeddable":true,"href":"https:\/\/www.promotio.sk\/cs\/wp-json\/wp\/v2\/comments?post=11347"}],"wp:featuredmedia":[{"embeddable":true,"href":"https:\/\/www.promotio.sk\/cs\/wp-json\/wp\/v2\/media\/11348"}],"wp:attachment":[{"href":"https:\/\/www.promotio.sk\/cs\/wp-json\/wp\/v2\/media?parent=11347"}],"wp:term":[{"taxonomy":"product_cat","embeddable":true,"href":"https:\/\/www.promotio.sk\/cs\/wp-json\/wp\/v2\/product_cat?post=11347"},{"taxonomy":"product_tag","embeddable":true,"href":"https:\/\/www.promotio.sk\/cs\/wp-json\/wp\/v2\/product_tag?post=11347"}],"curies":[{"name":"wp","href":"https:\/\/api.w.org\/{rel}","templated":true}]}}