{"id":11308,"date":"2024-03-07T13:36:57","date_gmt":"2024-03-07T12:36:57","guid":{"rendered":"https:\/\/www.promotio.sk\/shop\/nezaraden\u00e9\/dione\/"},"modified":"2024-03-07T13:38:05","modified_gmt":"2024-03-07T12:38:05","slug":"dione","status":"publish","type":"product","link":"https:\/\/www.promotio.sk\/cs\/shop\/promo-items\/technology\/usb_flash_drivers\/dione\/","title":{"rendered":"DIONE"},"content":{"rendered":"<p>The 5-in-1 charger cable is a versatile and convenient solution for charging your devices. Its body is made of a combination of wheat Straw plastic and bamboo, which gives it a natural and sustainable look.<\/p>\n<p>This cable has multiple connections, including a USB and Type-C input, as well as Micro USB, Type-C and Lightning outputs. With this variety of connectors, you can charge devices with different charging ports, such as smartphones, tablets, headphones and other electronic devices.<\/p>\n<p>With the 5-in-1 charger cable, you can simplify your charging needs by having multiple connections on a single cable. Furthermore, its design with natural materials such as bamboo and wheat Straw plastic demonstrates your commitment to a greener lifestyle.<br \/>Composition: Bamb\u00fa y Fibra de trigo<br \/>Pozn\u00e1mky: Presentaci\u00f3n en sobre individual dise\u00f1o eco.<\/p>","protected":false},"excerpt":{"rendered":"<p>The 5-in-1 charger cable is a versatile and convenient solution for charging your devices. Its body is made of a<\/p>","protected":false},"featured_media":11309,"comment_status":"open","ping_status":"closed","template":"","meta":[],"product_cat":[286,288],"product_tag":[],"class_list":{"0":"post-11308","1":"product","2":"type-product","3":"status-publish","4":"has-post-thumbnail","6":"product_cat-technology","7":"product_cat-usb_flash_drivers","9":"first","10":"instock","11":"shipping-taxable","12":"purchasable","13":"product-type-variable"},"_links":{"self":[{"href":"https:\/\/www.promotio.sk\/cs\/wp-json\/wp\/v2\/product\/11308","targetHints":{"allow":["GET"]}}],"collection":[{"href":"https:\/\/www.promotio.sk\/cs\/wp-json\/wp\/v2\/product"}],"about":[{"href":"https:\/\/www.promotio.sk\/cs\/wp-json\/wp\/v2\/types\/product"}],"replies":[{"embeddable":true,"href":"https:\/\/www.promotio.sk\/cs\/wp-json\/wp\/v2\/comments?post=11308"}],"wp:featuredmedia":[{"embeddable":true,"href":"https:\/\/www.promotio.sk\/cs\/wp-json\/wp\/v2\/media\/11309"}],"wp:attachment":[{"href":"https:\/\/www.promotio.sk\/cs\/wp-json\/wp\/v2\/media?parent=11308"}],"wp:term":[{"taxonomy":"product_cat","embeddable":true,"href":"https:\/\/www.promotio.sk\/cs\/wp-json\/wp\/v2\/product_cat?post=11308"},{"taxonomy":"product_tag","embeddable":true,"href":"https:\/\/www.promotio.sk\/cs\/wp-json\/wp\/v2\/product_tag?post=11308"}],"curies":[{"name":"wp","href":"https:\/\/api.w.org\/{rel}","templated":true}]}}