{"id":11291,"date":"2024-03-07T13:36:03","date_gmt":"2024-03-07T12:36:03","guid":{"rendered":"https:\/\/www.promotio.sk\/shop\/nezaraden\u00e9\/lens\/"},"modified":"2024-03-07T13:36:51","modified_gmt":"2024-03-07T12:36:51","slug":"lens","status":"publish","type":"product","link":"https:\/\/www.promotio.sk\/cs\/shop\/promo-items\/technology\/usb_flash_drivers\/lens\/","title":{"rendered":"\u010cO\u010cKA"},"content":{"rendered":"<p>The 5-in-1 Extendable Charging Cable is a practical and versatile solution for your charging needs. Made with a recycled ABS and bamboo body, it combines durability and a natural style.<\/p>\n<p>This cable extends up to 96 cm, giving you greater flexibility and comfort when charging your devices. It has a USB and Type-C input connection, as well as Micro USB, Type-C and Lightning output connections, allowing you to charge a wide range of devices, from smartphones to tablets.<\/p>\n<p>With the 5-in-1 extendable charger cable, you can carry a single cable that adapts to different charging ports and extends for greater convenience. Its design with natural materials such as bamboo and recycled ABS demonstrates your commitment to a greener lifestyle.<br \/>Composition: Bamb\u00fa y ABS<br \/>Pozn\u00e1mky: Presentaci\u00f3n en sobre individual dise\u00f1o eco.<\/p>","protected":false},"excerpt":{"rendered":"<p>The 5-in-1 Extendable Charging Cable is a practical and versatile solution for your charging needs. Made with a recycled ABS<\/p>","protected":false},"featured_media":11292,"comment_status":"open","ping_status":"closed","template":"","meta":[],"product_cat":[286,288],"product_tag":[],"class_list":{"0":"post-11291","1":"product","2":"type-product","3":"status-publish","4":"has-post-thumbnail","6":"product_cat-technology","7":"product_cat-usb_flash_drivers","9":"first","10":"instock","11":"shipping-taxable","12":"purchasable","13":"product-type-variable"},"_links":{"self":[{"href":"https:\/\/www.promotio.sk\/cs\/wp-json\/wp\/v2\/product\/11291","targetHints":{"allow":["GET"]}}],"collection":[{"href":"https:\/\/www.promotio.sk\/cs\/wp-json\/wp\/v2\/product"}],"about":[{"href":"https:\/\/www.promotio.sk\/cs\/wp-json\/wp\/v2\/types\/product"}],"replies":[{"embeddable":true,"href":"https:\/\/www.promotio.sk\/cs\/wp-json\/wp\/v2\/comments?post=11291"}],"wp:featuredmedia":[{"embeddable":true,"href":"https:\/\/www.promotio.sk\/cs\/wp-json\/wp\/v2\/media\/11292"}],"wp:attachment":[{"href":"https:\/\/www.promotio.sk\/cs\/wp-json\/wp\/v2\/media?parent=11291"}],"wp:term":[{"taxonomy":"product_cat","embeddable":true,"href":"https:\/\/www.promotio.sk\/cs\/wp-json\/wp\/v2\/product_cat?post=11291"},{"taxonomy":"product_tag","embeddable":true,"href":"https:\/\/www.promotio.sk\/cs\/wp-json\/wp\/v2\/product_tag?post=11291"}],"curies":[{"name":"wp","href":"https:\/\/api.w.org\/{rel}","templated":true}]}}