{"id":11276,"date":"2024-03-07T13:35:20","date_gmt":"2024-03-07T12:35:20","guid":{"rendered":"https:\/\/www.promotio.sk\/shop\/nezaraden\u00e9\/sevek\/"},"modified":"2024-03-07T13:35:53","modified_gmt":"2024-03-07T12:35:53","slug":"sevek","status":"publish","type":"product","link":"https:\/\/www.promotio.sk\/cs\/shop\/promo-items\/technology\/usb_flash_drivers\/sevek\/","title":{"rendered":"SEVEK"},"content":{"rendered":"<p>The 5-in-1 charger cable with a cork body and wheat fibre is a versatile and sustainable solution for charging different devices. With its compact design and multi-functionality, this cable simplifies your charging needs.<br \/>\nThe cable has a USB and Type-C input, allowing you to connect it to different power sources, such as power adapters, power banks or computers. In addition, it offers USB, Micro USB, Type C and Lightning outputs, covering most of the electronic devices available on the market.<br \/>\nThe cork and wheat fibre body not only gives it a natural and aesthetic appearance, but also reinforces the commitment to sustainability by using eco-friendly materials.<br \/>\nThe charger cable is presented in an individual envelope with an ECO design, highlighting its focus on waste reduction and environmental care.<br \/>\nWith the 5-in-1 Cork Body and Wheat Fibre Charging Cable, you can conveniently and efficiently charge your devices, while contributing to a more sustainable lifestyle.<br \/>Composition: Corcho y fibra de trigo<br \/>Pozn\u00e1mky: Presentaci\u00f3n en sobre individual dise\u00f1o eco.<\/p>","protected":false},"excerpt":{"rendered":"<p>The 5-in-1 charger cable with a cork body and wheat fibre is a versatile and sustainable solution for charging different<\/p>","protected":false},"featured_media":11277,"comment_status":"open","ping_status":"closed","template":"","meta":[],"product_cat":[286,288],"product_tag":[],"class_list":{"0":"post-11276","1":"product","2":"type-product","3":"status-publish","4":"has-post-thumbnail","6":"product_cat-technology","7":"product_cat-usb_flash_drivers","9":"first","10":"instock","11":"shipping-taxable","12":"purchasable","13":"product-type-variable"},"_links":{"self":[{"href":"https:\/\/www.promotio.sk\/cs\/wp-json\/wp\/v2\/product\/11276","targetHints":{"allow":["GET"]}}],"collection":[{"href":"https:\/\/www.promotio.sk\/cs\/wp-json\/wp\/v2\/product"}],"about":[{"href":"https:\/\/www.promotio.sk\/cs\/wp-json\/wp\/v2\/types\/product"}],"replies":[{"embeddable":true,"href":"https:\/\/www.promotio.sk\/cs\/wp-json\/wp\/v2\/comments?post=11276"}],"wp:featuredmedia":[{"embeddable":true,"href":"https:\/\/www.promotio.sk\/cs\/wp-json\/wp\/v2\/media\/11277"}],"wp:attachment":[{"href":"https:\/\/www.promotio.sk\/cs\/wp-json\/wp\/v2\/media?parent=11276"}],"wp:term":[{"taxonomy":"product_cat","embeddable":true,"href":"https:\/\/www.promotio.sk\/cs\/wp-json\/wp\/v2\/product_cat?post=11276"},{"taxonomy":"product_tag","embeddable":true,"href":"https:\/\/www.promotio.sk\/cs\/wp-json\/wp\/v2\/product_tag?post=11276"}],"curies":[{"name":"wp","href":"https:\/\/api.w.org\/{rel}","templated":true}]}}