{"id":11261,"date":"2024-03-07T13:34:34","date_gmt":"2024-03-07T12:34:34","guid":{"rendered":"https:\/\/www.promotio.sk\/shop\/nezaraden\u00e9\/remus\/"},"modified":"2024-03-07T13:35:15","modified_gmt":"2024-03-07T12:35:15","slug":"remus","status":"publish","type":"product","link":"https:\/\/www.promotio.sk\/cs\/shop\/promo-items\/technology\/chargers\/remus\/","title":{"rendered":"REMUS"},"content":{"rendered":"<p>The 10W wireless charger with bamboo and ABS body is a stylish and functional option to charge your smartphone conveniently. Its design combines the natural and warm look of bamboo with the durability of ABS.<br \/>\nTo charge your smartphone, simply place it on the charger and let it charge wirelessly. There is no need for tangled cables or connecting your phone directly to the charger. You just need to ensure your device supports wireless charging technology.<br \/>\nAn indicator light will show you the charging status, so you can see at a glance if your smartphone is charging correctly. This gives you an easy and hassle-free charging experience.<br \/>\nThe wireless charger supports a wide range of devices with wireless technology, which means you can charge not only smartphones, but also wireless headphones or other compatible devices.<br \/>\nIn addition to its functionality, this charger comes in an eco-design box, reinforcing its commitment to sustainability and environmental care.<br \/>Composition: Bamb\u00fa y ABS<br \/>Pozn\u00e1mky: Prezentace v eko designov\u00e9 krabi\u010dce.<br \/>\nType C cable included.<\/p>","protected":false},"excerpt":{"rendered":"<p>The 10W wireless charger with bamboo and ABS body is a stylish and functional option to charge your smartphone conveniently.<\/p>","protected":false},"featured_media":11262,"comment_status":"open","ping_status":"closed","template":"","meta":[],"product_cat":[289,286],"product_tag":[],"class_list":{"0":"post-11261","1":"product","2":"type-product","3":"status-publish","4":"has-post-thumbnail","6":"product_cat-chargers","7":"product_cat-technology","9":"first","10":"instock","11":"shipping-taxable","12":"purchasable","13":"product-type-variable"},"_links":{"self":[{"href":"https:\/\/www.promotio.sk\/cs\/wp-json\/wp\/v2\/product\/11261","targetHints":{"allow":["GET"]}}],"collection":[{"href":"https:\/\/www.promotio.sk\/cs\/wp-json\/wp\/v2\/product"}],"about":[{"href":"https:\/\/www.promotio.sk\/cs\/wp-json\/wp\/v2\/types\/product"}],"replies":[{"embeddable":true,"href":"https:\/\/www.promotio.sk\/cs\/wp-json\/wp\/v2\/comments?post=11261"}],"wp:featuredmedia":[{"embeddable":true,"href":"https:\/\/www.promotio.sk\/cs\/wp-json\/wp\/v2\/media\/11262"}],"wp:attachment":[{"href":"https:\/\/www.promotio.sk\/cs\/wp-json\/wp\/v2\/media?parent=11261"}],"wp:term":[{"taxonomy":"product_cat","embeddable":true,"href":"https:\/\/www.promotio.sk\/cs\/wp-json\/wp\/v2\/product_cat?post=11261"},{"taxonomy":"product_tag","embeddable":true,"href":"https:\/\/www.promotio.sk\/cs\/wp-json\/wp\/v2\/product_tag?post=11261"}],"curies":[{"name":"wp","href":"https:\/\/api.w.org\/{rel}","templated":true}]}}