{"id":11259,"date":"2024-03-07T13:34:32","date_gmt":"2024-03-07T12:34:32","guid":{"rendered":"https:\/\/www.promotio.sk\/shop\/nezaraden\u00e9\/kodix\/"},"modified":"2024-03-07T13:35:08","modified_gmt":"2024-03-07T12:35:08","slug":"kodix","status":"publish","type":"product","link":"https:\/\/www.promotio.sk\/cs\/shop\/promo-items\/technology\/chargers\/kodix\/","title":{"rendered":"KODIX"},"content":{"rendered":"<p>The pen with integrated wireless charger is a clever combination of functionality and style. Made of bamboo, this pen has a natural and elegant look that adapts to any environment.<br \/>\nIn addition to being a practical pen, it has an integrated wireless charger that allows you to charge your smartphone conveniently and without any cables. Powered by 10W, it provides fast and efficient charging to keep your devices charged throughout the day.<br \/>\nThe pen comes with an included Type-C cable, making it easy to connect to your smartphone or any other compatible device. You won&#8217;t need to look for extra cables, as this pen gives you everything you need to charge your devices.<br \/>\nThe presentation in an ECO design box reinforces its sustainable and environmentally friendly approach. It is an ideal choice for those looking for products that combine style and eco-consciousness.<br \/>Slo\u017een\u00ed: Bamb\u00fa<br \/>Remarks: Entrada Tipo C : 9V-2\/5V-2A<br \/>\nSalida Wireless: 10W<br \/>\nSalida USB : 9V 1.66 \/ 5V 1A<br \/>\nPresentaci\u00f3n en caja dise\u00f1o eco.<\/p>","protected":false},"excerpt":{"rendered":"<p>The pen with integrated wireless charger is a clever combination of functionality and style. Made of bamboo, this pen has<\/p>","protected":false},"featured_media":11260,"comment_status":"open","ping_status":"closed","template":"","meta":[],"product_cat":[289,286],"product_tag":[],"class_list":{"0":"post-11259","1":"product","2":"type-product","3":"status-publish","4":"has-post-thumbnail","6":"product_cat-chargers","7":"product_cat-technology","9":"first","10":"instock","11":"shipping-taxable","12":"purchasable","13":"product-type-variable"},"_links":{"self":[{"href":"https:\/\/www.promotio.sk\/cs\/wp-json\/wp\/v2\/product\/11259","targetHints":{"allow":["GET"]}}],"collection":[{"href":"https:\/\/www.promotio.sk\/cs\/wp-json\/wp\/v2\/product"}],"about":[{"href":"https:\/\/www.promotio.sk\/cs\/wp-json\/wp\/v2\/types\/product"}],"replies":[{"embeddable":true,"href":"https:\/\/www.promotio.sk\/cs\/wp-json\/wp\/v2\/comments?post=11259"}],"wp:featuredmedia":[{"embeddable":true,"href":"https:\/\/www.promotio.sk\/cs\/wp-json\/wp\/v2\/media\/11260"}],"wp:attachment":[{"href":"https:\/\/www.promotio.sk\/cs\/wp-json\/wp\/v2\/media?parent=11259"}],"wp:term":[{"taxonomy":"product_cat","embeddable":true,"href":"https:\/\/www.promotio.sk\/cs\/wp-json\/wp\/v2\/product_cat?post=11259"},{"taxonomy":"product_tag","embeddable":true,"href":"https:\/\/www.promotio.sk\/cs\/wp-json\/wp\/v2\/product_tag?post=11259"}],"curies":[{"name":"wp","href":"https:\/\/api.w.org\/{rel}","templated":true}]}}