{"id":11235,"date":"2024-03-07T13:33:13","date_gmt":"2024-03-07T12:33:13","guid":{"rendered":"https:\/\/www.promotio.sk\/shop\/nezaraden\u00e9\/luke\/"},"modified":"2024-03-07T13:34:07","modified_gmt":"2024-03-07T12:34:07","slug":"luke","status":"publish","type":"product","link":"https:\/\/www.promotio.sk\/cs\/shop\/promo-items\/technology\/chargers\/luke\/","title":{"rendered":"LUK\u00c1\u0160"},"content":{"rendered":"<p>The wireless bamboo charger integrated into an organizer tray is a practical and aesthetic solution to keep your devices charged and your workspace tidy. The organizer tray offers extra space to store your small items, such as pens, clips, or cards.<br \/>\nThe bamboo wireless charger features 10W charging power, allowing you to charge your devices quickly and efficiently. Simply place your wireless charging compatible smartphone on the stand and let it charge without the need for messy cables.<br \/>\nThe included smartphone stand provides a viewing angle where you can view notifications, make video calls, or watch media content without interruption.<br \/>\nThe wireless charger comes with a Type-C cable, allowing you to easily connect it to your power supply. You won&#8217;t have to worry about looking for extra cables, as this charger gives you everything you need for a hassle-free charge.<br \/>\nThe product is presented in an eco design box, which highlights its sustainable approach and commitment to the environment. It is an ideal choice for those looking for products that combine functionality and eco-consciousness.<br \/>Slo\u017een\u00ed: Bamb\u00fa<br \/>Remarks: Distancia de funcionamiento: 6mm \u2013 8 mm<br \/>\nOutput: 5V\/1A MAX(5W)\uff1b7.5V\/1A MAX(7.5W)  9V\/1.12A MAX(10W)<br \/>\nInput: 5V\/2A  9V\/2A<br \/>\nV\u00e1lido SOLO para dispositivos m\u00f3viles con tecnolog\u00eda de carga inal\u00e1mbrica QI<br \/>\nPresentaci\u00f3n en caja dise\u00f1o eco.<\/p>","protected":false},"excerpt":{"rendered":"<p>The wireless bamboo charger integrated into an organizer tray is a practical and aesthetic solution to keep your devices charged<\/p>","protected":false},"featured_media":11236,"comment_status":"open","ping_status":"closed","template":"","meta":[],"product_cat":[289,286],"product_tag":[],"class_list":{"0":"post-11235","1":"product","2":"type-product","3":"status-publish","4":"has-post-thumbnail","6":"product_cat-chargers","7":"product_cat-technology","9":"first","10":"instock","11":"shipping-taxable","12":"purchasable","13":"product-type-variable"},"_links":{"self":[{"href":"https:\/\/www.promotio.sk\/cs\/wp-json\/wp\/v2\/product\/11235","targetHints":{"allow":["GET"]}}],"collection":[{"href":"https:\/\/www.promotio.sk\/cs\/wp-json\/wp\/v2\/product"}],"about":[{"href":"https:\/\/www.promotio.sk\/cs\/wp-json\/wp\/v2\/types\/product"}],"replies":[{"embeddable":true,"href":"https:\/\/www.promotio.sk\/cs\/wp-json\/wp\/v2\/comments?post=11235"}],"wp:featuredmedia":[{"embeddable":true,"href":"https:\/\/www.promotio.sk\/cs\/wp-json\/wp\/v2\/media\/11236"}],"wp:attachment":[{"href":"https:\/\/www.promotio.sk\/cs\/wp-json\/wp\/v2\/media?parent=11235"}],"wp:term":[{"taxonomy":"product_cat","embeddable":true,"href":"https:\/\/www.promotio.sk\/cs\/wp-json\/wp\/v2\/product_cat?post=11235"},{"taxonomy":"product_tag","embeddable":true,"href":"https:\/\/www.promotio.sk\/cs\/wp-json\/wp\/v2\/product_tag?post=11235"}],"curies":[{"name":"wp","href":"https:\/\/api.w.org\/{rel}","templated":true}]}}