{"id":11225,"date":"2024-03-07T13:32:40","date_gmt":"2024-03-07T12:32:40","guid":{"rendered":"https:\/\/www.promotio.sk\/shop\/nezaraden\u00e9\/deniz\/"},"modified":"2024-03-07T13:33:11","modified_gmt":"2024-03-07T12:33:11","slug":"deniz","status":"publish","type":"product","link":"https:\/\/www.promotio.sk\/cs\/shop\/promo-items\/technology\/chargers\/deniz\/","title":{"rendered":"DENIZ"},"content":{"rendered":"<p>Dr\u017e\u00e1k telefonu do auta s magnetickou funkc\u00ed pro chytr\u00fd telefon a bezdr\u00e1tovou nab\u00edje\u010dku je kompletn\u00edm a v\u0161estrann\u00fdm \u0159e\u0161en\u00edm pro va\u0161e pot\u0159eby v aut\u011b. Tento stoj\u00e1nek je vyroben z bambusu a p\u0161eni\u010dn\u00fdch vl\u00e1ken, udr\u017eiteln\u00fdch materi\u00e1l\u016f, kter\u00e9 dod\u00e1vaj\u00ed vozidlu p\u0159\u00edrodn\u00ed a ekologick\u00fd n\u00e1dech.<\/p>\n<p>Krom\u011b toho, \u017ee tento stojan dr\u017e\u00ed v\u00e1\u0161 smartphone na m\u00edst\u011b b\u011bhem \u0159\u00edzen\u00ed, disponuje tak\u00e9 funkc\u00ed bezdr\u00e1tov\u00e9ho nab\u00edjen\u00ed, kter\u00e1 v\u00e1m umo\u017e\u0148uje pohodln\u011b nab\u00edjet za\u0159\u00edzen\u00ed na cest\u00e1ch. Je kompatibiln\u00ed se za\u0159\u00edzen\u00edmi s technologi\u00ed bezdr\u00e1tov\u00e9ho nab\u00edjen\u00ed.<\/p>\n<p>Dr\u017e\u00e1k telefonu do auta obsahuje tak\u00e9 klad\u00edvko na rozbit\u00ed skla a \u0159eza\u010dku na opasek, co\u017e z n\u011bj \u010din\u00ed dal\u0161\u00ed bezpe\u010dnostn\u00ed dopln\u011bk pro p\u0159\u00edpad nep\u0159edv\u00eddan\u00fdch situac\u00ed.<\/p>\n<p>Sou\u010d\u00e1st\u00ed balen\u00ed je kabel typu C a kovov\u00fd krou\u017eek pro snadnou instalaci a p\u0159ipojen\u00ed. Stojan je dod\u00e1v\u00e1n v ekologick\u00e9 designov\u00e9 krabici, kter\u00e1 zd\u016fraz\u0148uje jeho z\u00e1vazek k udr\u017eitelnosti. D\u00edky magnetick\u00e9mu dr\u017e\u00e1ku telefonu do auta a bezdr\u00e1tov\u00e9 nab\u00edje\u010dce m\u016f\u017eete sv\u016fj smartphone chr\u00e1nit a nab\u00edjet ho na cest\u00e1ch, a to v\u0161e s ohledem na \u017eivotn\u00ed prost\u0159ed\u00ed. Nav\u00edc v\u00e1m dal\u0161\u00ed bezpe\u010dnostn\u00ed n\u00e1stroje poskytnou klid v neo\u010dek\u00e1van\u00fdch situac\u00edch.<br \/>Slo\u017een\u00ed: Bamb\u00fa y fibra de trigo<br \/>Pozn\u00e1mky: Vstupn\u00ed nap\u011bt\u00ed: DC 5V\/2A, 9V\/2A, 12V\/1,5A<br \/>\nNap\u00e1jec\u00ed nap\u011bt\u00ed: DC 5V\/1A, 9V\/1,1A, 9V\/1,67A<br \/>\nV\u00fdkon salida: 15 W (M\u00c1X.)<br \/>\nV\u00e1lido SOLO para dispositivos m\u00f3viles con tecnolog\u00eda de carga inal\u00e1mbrica QI.<br \/>\nPrezentace caja dise\u00f1o eco.<\/p>","protected":false},"excerpt":{"rendered":"<p>The Car Phone Holder Stand with Magnetic Function for Smartphone and Wireless Charger is a complete and versatile solution for<\/p>","protected":false},"featured_media":11226,"comment_status":"open","ping_status":"closed","template":"","meta":[],"product_cat":[289,286],"product_tag":[],"class_list":{"0":"post-11225","1":"product","2":"type-product","3":"status-publish","4":"has-post-thumbnail","6":"product_cat-chargers","7":"product_cat-technology","9":"first","10":"instock","11":"shipping-taxable","12":"purchasable","13":"product-type-variable"},"_links":{"self":[{"href":"https:\/\/www.promotio.sk\/cs\/wp-json\/wp\/v2\/product\/11225","targetHints":{"allow":["GET"]}}],"collection":[{"href":"https:\/\/www.promotio.sk\/cs\/wp-json\/wp\/v2\/product"}],"about":[{"href":"https:\/\/www.promotio.sk\/cs\/wp-json\/wp\/v2\/types\/product"}],"replies":[{"embeddable":true,"href":"https:\/\/www.promotio.sk\/cs\/wp-json\/wp\/v2\/comments?post=11225"}],"wp:featuredmedia":[{"embeddable":true,"href":"https:\/\/www.promotio.sk\/cs\/wp-json\/wp\/v2\/media\/11226"}],"wp:attachment":[{"href":"https:\/\/www.promotio.sk\/cs\/wp-json\/wp\/v2\/media?parent=11225"}],"wp:term":[{"taxonomy":"product_cat","embeddable":true,"href":"https:\/\/www.promotio.sk\/cs\/wp-json\/wp\/v2\/product_cat?post=11225"},{"taxonomy":"product_tag","embeddable":true,"href":"https:\/\/www.promotio.sk\/cs\/wp-json\/wp\/v2\/product_tag?post=11225"}],"curies":[{"name":"wp","href":"https:\/\/api.w.org\/{rel}","templated":true}]}}