{"id":11215,"date":"2024-03-07T13:32:13","date_gmt":"2024-03-07T12:32:13","guid":{"rendered":"https:\/\/www.promotio.sk\/shop\/nezaraden\u00e9\/vini\/"},"modified":"2024-03-07T13:32:58","modified_gmt":"2024-03-07T12:32:58","slug":"vini","status":"publish","type":"product","link":"https:\/\/www.promotio.sk\/cs\/shop\/promo-items\/technology\/chargers\/vini\/","title":{"rendered":"VINI"},"content":{"rendered":"<p>The wireless charger with a bamboo body and wheat fibre base is an eco-friendly and practical option to charge your smartphone wirelessly. Simply place your device on the charger and let it charge without the need for cables or plugs.<\/p>\n<p>The bamboo body and wheat fibre base give it a natural and sustainable look, showing your commitment to caring for the environment by opting for respectful materials.<\/p>\n<p>With a charging power of 15W, this wireless charger is compatible with devices that support wireless technology. In addition, a Type C cable is included in the package for a quick and convenient connection.<\/p>\n<p>The wireless charger comes in an eco-design box, reaffirming its focus on sustainability and an aesthetic presentation.With the bamboo wireless charger and wheat fibre base, charging your smartphone is easy and environmentally friendly. Enjoy fast and efficient charging while contributing to a more sustainable lifestyle.<br \/>Slo\u017een\u00ed: Bamb\u00fa y fibra de trigo<br \/>Remarks: Voltaje de entrada: DC 5V\/2A , 9V\/1.67A<br \/>\nVoltaje de salida: DC 5V\/1A , 9V\/1.12A, 9V\/1.66A<br \/>\nV\u00fdkon salida: 15 W (M\u00c1X.)<br \/>\nV\u00e1lido SOLO para dispositivos m\u00f3viles con tecnolog\u00eda de carga inal\u00e1mbrica QI<br \/>\nPresentaci\u00f3n en caja dise\u00f1o eco.<\/p>","protected":false},"excerpt":{"rendered":"<p>The wireless charger with a bamboo body and wheat fibre base is an eco-friendly and practical option to charge your<\/p>","protected":false},"featured_media":11216,"comment_status":"open","ping_status":"closed","template":"","meta":[],"product_cat":[289,286],"product_tag":[],"class_list":{"0":"post-11215","1":"product","2":"type-product","3":"status-publish","4":"has-post-thumbnail","6":"product_cat-chargers","7":"product_cat-technology","9":"first","10":"instock","11":"shipping-taxable","12":"purchasable","13":"product-type-variable"},"_links":{"self":[{"href":"https:\/\/www.promotio.sk\/cs\/wp-json\/wp\/v2\/product\/11215","targetHints":{"allow":["GET"]}}],"collection":[{"href":"https:\/\/www.promotio.sk\/cs\/wp-json\/wp\/v2\/product"}],"about":[{"href":"https:\/\/www.promotio.sk\/cs\/wp-json\/wp\/v2\/types\/product"}],"replies":[{"embeddable":true,"href":"https:\/\/www.promotio.sk\/cs\/wp-json\/wp\/v2\/comments?post=11215"}],"wp:featuredmedia":[{"embeddable":true,"href":"https:\/\/www.promotio.sk\/cs\/wp-json\/wp\/v2\/media\/11216"}],"wp:attachment":[{"href":"https:\/\/www.promotio.sk\/cs\/wp-json\/wp\/v2\/media?parent=11215"}],"wp:term":[{"taxonomy":"product_cat","embeddable":true,"href":"https:\/\/www.promotio.sk\/cs\/wp-json\/wp\/v2\/product_cat?post=11215"},{"taxonomy":"product_tag","embeddable":true,"href":"https:\/\/www.promotio.sk\/cs\/wp-json\/wp\/v2\/product_tag?post=11215"}],"curies":[{"name":"wp","href":"https:\/\/api.w.org\/{rel}","templated":true}]}}