{"id":11209,"date":"2024-03-07T13:31:55","date_gmt":"2024-03-07T12:31:55","guid":{"rendered":"https:\/\/www.promotio.sk\/shop\/nezaraden\u00e9\/kruse\/"},"modified":"2024-03-07T13:32:34","modified_gmt":"2024-03-07T12:32:34","slug":"kruse","status":"publish","type":"product","link":"https:\/\/www.promotio.sk\/cs\/shop\/promo-items\/technology\/usb_flash_drivers\/kruse\/","title":{"rendered":"KRUSE"},"content":{"rendered":"<p>The USB port with a stand made of bamboo is a stylish and functional solution for charging your electronic devices. This port features a USB and Type-C input connection, allowing you to charge a wide range of devices, from smartphones to tablets and more.<\/p>\n<p>Built-in USB port support allows you to securely position your device while charging, providing comfort and preventing it from slipping or falling.<\/p>\n<p> Its natural design and eco-friendly presentation make this USB port an ideal choice for those looking for a more sustainable lifestyle.<br \/>Slo\u017een\u00ed: Bamb\u00fa y fibra de trigo<br \/>Remarks: Puerto USB de bamb\u00fa con 2 salidas USB 2.0 HUB (2 puertos USB-A y 2 puertos USB-C).<br \/>\nCompatible con dispositivo USB 1.1 y 2.0. Input: 5V. Output: 5V 500mA.<br \/>\nPresentaci\u00f3n en sobre individual dise\u00f1o eco.<\/p>","protected":false},"excerpt":{"rendered":"<p>The USB port with a stand made of bamboo is a stylish and functional solution for charging your electronic devices.<\/p>","protected":false},"featured_media":11210,"comment_status":"open","ping_status":"closed","template":"","meta":[],"product_cat":[286,288],"product_tag":[],"class_list":{"0":"post-11209","1":"product","2":"type-product","3":"status-publish","4":"has-post-thumbnail","6":"product_cat-technology","7":"product_cat-usb_flash_drivers","9":"first","10":"instock","11":"shipping-taxable","12":"purchasable","13":"product-type-variable"},"_links":{"self":[{"href":"https:\/\/www.promotio.sk\/cs\/wp-json\/wp\/v2\/product\/11209","targetHints":{"allow":["GET"]}}],"collection":[{"href":"https:\/\/www.promotio.sk\/cs\/wp-json\/wp\/v2\/product"}],"about":[{"href":"https:\/\/www.promotio.sk\/cs\/wp-json\/wp\/v2\/types\/product"}],"replies":[{"embeddable":true,"href":"https:\/\/www.promotio.sk\/cs\/wp-json\/wp\/v2\/comments?post=11209"}],"wp:featuredmedia":[{"embeddable":true,"href":"https:\/\/www.promotio.sk\/cs\/wp-json\/wp\/v2\/media\/11210"}],"wp:attachment":[{"href":"https:\/\/www.promotio.sk\/cs\/wp-json\/wp\/v2\/media?parent=11209"}],"wp:term":[{"taxonomy":"product_cat","embeddable":true,"href":"https:\/\/www.promotio.sk\/cs\/wp-json\/wp\/v2\/product_cat?post=11209"},{"taxonomy":"product_tag","embeddable":true,"href":"https:\/\/www.promotio.sk\/cs\/wp-json\/wp\/v2\/product_tag?post=11209"}],"curies":[{"name":"wp","href":"https:\/\/api.w.org\/{rel}","templated":true}]}}