{"id":11195,"date":"2024-03-07T13:31:17","date_gmt":"2024-03-07T12:31:17","guid":{"rendered":"https:\/\/www.promotio.sk\/shop\/nezaraden\u00e9\/discovery\/"},"modified":"2024-03-07T14:50:57","modified_gmt":"2024-03-07T13:50:57","slug":"discovery","status":"publish","type":"product","link":"https:\/\/www.promotio.sk\/cs\/shop\/promo-items\/technology\/technology_multifunction\/discovery\/","title":{"rendered":"DISCOVERY"},"content":{"rendered":"<p>Sports camera with 4K HD video technology and Wi-Fi connection. 2&#8243; LCD screen. With Full HD 1080P camera function. Includes heavy-duty 30m submersible housing and various multi-function coupling accessories. Removable rechargeable battery. Cable included. <br \/>Remarks: Timer \/Slow Camera\/ Auto Portrait<br \/>\nLCD: 2\u2019\u2019 LCD panel<br \/>\nImage resolution: 16 MP (4608*3456); 12 MP (4000*3000); 8 MP (3264*2448); 5 MP (2592*1936),<br \/>\nVideo Resolution: 4k 30fps \/ 2.7k 30fps \/1920*1080 60fps\/ 1920*1080 30fps \/ 1280*720 60fps.<br \/>\nImage and video format: JPG \/ MP4.<br \/>\nWIFI: Android \/ IOS DEVICES<br \/>\nLens: 140\u00b0  HD panoramic angle lens.<br \/>\nMemory: Micro SD space of up to 64 GB.<br \/>\nLanguages: English \/ French \/ German \/ Spanish \/ Italian \/ Portuguese \/ Dutch \/Simplified Chinese\/ Japanese \/Traditional Chinese\/ Russian \/ Korean \/ Polish \/ Indonesian, etc.<br \/>\nConnections: USB 2.0<br \/>\nOperation: 1.5-2h<br \/>\nSpecial functions: driving mode, slow motion, timing.<br \/>\nN\u00e1vod k pou\u017eit\u00ed je k dispozici ve 2 jazyc\u00edch: \u0161pan\u011bl\u0161tin\u011b a angli\u010dtin\u011b.<br \/>\nPrezentace v designov\u00e9m boxu.<\/p>","protected":false},"excerpt":{"rendered":"<p>Sports camera with 4K HD video technology and Wi-Fi connection. 2&#8243; LCD screen. With Full HD 1080P camera function. Includes<\/p>","protected":false},"featured_media":11196,"comment_status":"open","ping_status":"closed","template":"","meta":[],"product_cat":[287,286],"product_tag":[],"class_list":{"0":"post-11195","1":"product","2":"type-product","3":"status-publish","4":"has-post-thumbnail","6":"product_cat-technology_multifunction","7":"product_cat-technology","9":"first","10":"instock","11":"shipping-taxable","12":"purchasable","13":"product-type-variable"},"_links":{"self":[{"href":"https:\/\/www.promotio.sk\/cs\/wp-json\/wp\/v2\/product\/11195","targetHints":{"allow":["GET"]}}],"collection":[{"href":"https:\/\/www.promotio.sk\/cs\/wp-json\/wp\/v2\/product"}],"about":[{"href":"https:\/\/www.promotio.sk\/cs\/wp-json\/wp\/v2\/types\/product"}],"replies":[{"embeddable":true,"href":"https:\/\/www.promotio.sk\/cs\/wp-json\/wp\/v2\/comments?post=11195"}],"wp:featuredmedia":[{"embeddable":true,"href":"https:\/\/www.promotio.sk\/cs\/wp-json\/wp\/v2\/media\/11196"}],"wp:attachment":[{"href":"https:\/\/www.promotio.sk\/cs\/wp-json\/wp\/v2\/media?parent=11195"}],"wp:term":[{"taxonomy":"product_cat","embeddable":true,"href":"https:\/\/www.promotio.sk\/cs\/wp-json\/wp\/v2\/product_cat?post=11195"},{"taxonomy":"product_tag","embeddable":true,"href":"https:\/\/www.promotio.sk\/cs\/wp-json\/wp\/v2\/product_tag?post=11195"}],"curies":[{"name":"wp","href":"https:\/\/api.w.org\/{rel}","templated":true}]}}