{"id":11162,"date":"2024-03-07T13:29:35","date_gmt":"2024-03-07T12:29:35","guid":{"rendered":"https:\/\/www.promotio.sk\/shop\/nezaraden\u00e9\/nervo\/"},"modified":"2024-03-07T13:30:24","modified_gmt":"2024-03-07T12:30:24","slug":"nervo","status":"publish","type":"product","link":"https:\/\/www.promotio.sk\/cs\/shop\/promo-items\/technology\/sound\/nervo\/","title":{"rendered":"NERVO"},"content":{"rendered":"<p>Bezdr\u00e1tov\u00fd Bluetooth reproduktor s bambusov\u00fdm t\u011blem. Vybaven funkc\u00ed FM r\u00e1dia, handsfree a slotem pro kartu Micro SD. Tento reproduktor m\u00e1 v\u00fdkon 3 W a dob\u00edjec\u00ed baterii. Sou\u010d\u00e1st\u00ed balen\u00ed je kabel a dod\u00e1v\u00e1 se v ekologick\u00e9 krabi\u010dce.<br \/>Slo\u017een\u00ed: P\u0159\u00edrodn\u00ed bambus.<br \/>Pozn\u00e1mky: Bluetooth verze 2.1 + EDR<br \/>\nNab\u00edjec\u00ed nap\u011bt\u00ed: DC 5V.<br \/>\nDob\u00edjec\u00ed lithiov\u00e1 baterie.<br \/>\nProvozn\u00ed dosah: a\u017e 10 metr\u016f. Frekvence: 280 Hz \u2013 16 kHz.<br \/>\nCitlivost: 95 dB \u00b1 2 dB.<br \/>\nV\u00fdstup: 4\u03a9, 3W.<br \/>\nSou\u010d\u00e1st\u00ed je 3,5mm audio kabel s USB a Micro USB p\u0159ipojen\u00edm.<br \/>\nN\u00e1vod k pou\u017eit\u00ed je k dispozici ve 4 jazyc\u00edch: \u0161pan\u011bl\u0161tin\u011b, angli\u010dtin\u011b, francouz\u0161tin\u011b a ital\u0161tin\u011b. Balen\u00ed v ekologick\u00e9 krabici.<\/p>","protected":false},"excerpt":{"rendered":"<p>Bluetooth Wireless Speaker with Bamboo Body. Made with FM radio function, hands-free, Micro SD card slot. This speaker has a<\/p>","protected":false},"featured_media":11163,"comment_status":"open","ping_status":"closed","template":"","meta":[],"product_cat":[290,286],"product_tag":[],"class_list":{"0":"post-11162","1":"product","2":"type-product","3":"status-publish","4":"has-post-thumbnail","6":"product_cat-sound","7":"product_cat-technology","9":"first","10":"instock","11":"shipping-taxable","12":"purchasable","13":"product-type-variable"},"_links":{"self":[{"href":"https:\/\/www.promotio.sk\/cs\/wp-json\/wp\/v2\/product\/11162","targetHints":{"allow":["GET"]}}],"collection":[{"href":"https:\/\/www.promotio.sk\/cs\/wp-json\/wp\/v2\/product"}],"about":[{"href":"https:\/\/www.promotio.sk\/cs\/wp-json\/wp\/v2\/types\/product"}],"replies":[{"embeddable":true,"href":"https:\/\/www.promotio.sk\/cs\/wp-json\/wp\/v2\/comments?post=11162"}],"wp:featuredmedia":[{"embeddable":true,"href":"https:\/\/www.promotio.sk\/cs\/wp-json\/wp\/v2\/media\/11163"}],"wp:attachment":[{"href":"https:\/\/www.promotio.sk\/cs\/wp-json\/wp\/v2\/media?parent=11162"}],"wp:term":[{"taxonomy":"product_cat","embeddable":true,"href":"https:\/\/www.promotio.sk\/cs\/wp-json\/wp\/v2\/product_cat?post=11162"},{"taxonomy":"product_tag","embeddable":true,"href":"https:\/\/www.promotio.sk\/cs\/wp-json\/wp\/v2\/product_tag?post=11162"}],"curies":[{"name":"wp","href":"https:\/\/api.w.org\/{rel}","templated":true}]}}