{"id":11149,"date":"2024-03-07T13:28:53","date_gmt":"2024-03-07T12:28:53","guid":{"rendered":"https:\/\/www.promotio.sk\/shop\/nezaraden\u00e9\/marco\/"},"modified":"2024-03-07T13:29:35","modified_gmt":"2024-03-07T12:29:35","slug":"marco","status":"publish","type":"product","link":"https:\/\/www.promotio.sk\/cs\/shop\/promo-items\/technology\/sound\/marco\/","title":{"rendered":"MARCO"},"content":{"rendered":"<p>Speaker made with natural cork body and visible membrane. It includes Bluetooth 5.0, has a power of 3W, and rechargeable battery. Cable included.<br \/>Slo\u017een\u00ed: P\u0159\u00edrodn\u00ed korek.<br \/>Remarks: Bluetooth version 5.0<br \/>\nCharging voltage: 5V<br \/>\nLithium battery: 300mAh, 3.7V<br \/>\nRunning time: 3 &#8211; 4h<br \/>\nOperating distance: Up to 10 metres<br \/>\nFrequency: 100Hz-15KHz<br \/>\nImpedance: 4ohms<br \/>\nPower: 3W<br \/>\nSNR: >80dB<br \/>\nUSB cable included<br \/>\nInstruction manual in 4 languages: Spanish, English, Italian and French.<br \/>\nPrezentace v eko designov\u00e9 krabici.<\/p>","protected":false},"excerpt":{"rendered":"<p>Speaker made with natural cork body and visible membrane. It includes Bluetooth 5.0, has a power of 3W, and rechargeable<\/p>","protected":false},"featured_media":11150,"comment_status":"open","ping_status":"closed","template":"","meta":[],"product_cat":[290,286],"product_tag":[],"class_list":{"0":"post-11149","1":"product","2":"type-product","3":"status-publish","4":"has-post-thumbnail","6":"product_cat-sound","7":"product_cat-technology","9":"first","10":"instock","11":"shipping-taxable","12":"purchasable","13":"product-type-variable"},"_links":{"self":[{"href":"https:\/\/www.promotio.sk\/cs\/wp-json\/wp\/v2\/product\/11149","targetHints":{"allow":["GET"]}}],"collection":[{"href":"https:\/\/www.promotio.sk\/cs\/wp-json\/wp\/v2\/product"}],"about":[{"href":"https:\/\/www.promotio.sk\/cs\/wp-json\/wp\/v2\/types\/product"}],"replies":[{"embeddable":true,"href":"https:\/\/www.promotio.sk\/cs\/wp-json\/wp\/v2\/comments?post=11149"}],"wp:featuredmedia":[{"embeddable":true,"href":"https:\/\/www.promotio.sk\/cs\/wp-json\/wp\/v2\/media\/11150"}],"wp:attachment":[{"href":"https:\/\/www.promotio.sk\/cs\/wp-json\/wp\/v2\/media?parent=11149"}],"wp:term":[{"taxonomy":"product_cat","embeddable":true,"href":"https:\/\/www.promotio.sk\/cs\/wp-json\/wp\/v2\/product_cat?post=11149"},{"taxonomy":"product_tag","embeddable":true,"href":"https:\/\/www.promotio.sk\/cs\/wp-json\/wp\/v2\/product_tag?post=11149"}],"curies":[{"name":"wp","href":"https:\/\/api.w.org\/{rel}","templated":true}]}}