{"id":11115,"date":"2024-03-07T13:27:03","date_gmt":"2024-03-07T12:27:03","guid":{"rendered":"https:\/\/www.promotio.sk\/shop\/nezaraden\u00e9\/kraviz\/"},"modified":"2024-03-07T13:27:56","modified_gmt":"2024-03-07T12:27:56","slug":"kraviz","status":"publish","type":"product","link":"https:\/\/www.promotio.sk\/cs\/shop\/promo-items\/technology\/sound\/kraviz\/","title":{"rendered":"KRAVIZ"},"content":{"rendered":"<p>Fantastic wireless speaker with wooden body and visible membrane. Ideal for laser marking. Bluetooth 5.0,  3W power, and rechargeable battery. Cable included. <br \/>Composition: Wooden body.<br \/>Remarks: Bluetooth version 5.0<br \/>\nNab\u00edjec\u00ed nap\u011bt\u00ed: DC 5V.<br \/>\nDob\u00edjec\u00ed lithiov\u00e1 baterie.<br \/>\nOperating distance: up to 10 metresFrequency: 150Hz \u2013 20KHz.<br \/>\nSensitivity: 90db \u00b1 2db.<br \/>\nUSB charging cable and Jack included<br \/>\nInstruction manual available in 6 languages: Spanish, English, Portuguese, French, German and Italian.<br \/>\nPrezentace v eko designov\u00e9 krabici.<\/p>","protected":false},"excerpt":{"rendered":"<p>Fantastic wireless speaker with wooden body and visible membrane. Ideal for laser marking. Bluetooth 5.0, 3W power, and rechargeable battery.<\/p>","protected":false},"featured_media":11116,"comment_status":"open","ping_status":"closed","template":"","meta":[],"product_cat":[290,286],"product_tag":[],"class_list":{"0":"post-11115","1":"product","2":"type-product","3":"status-publish","4":"has-post-thumbnail","6":"product_cat-sound","7":"product_cat-technology","9":"first","10":"instock","11":"shipping-taxable","12":"purchasable","13":"product-type-variable"},"_links":{"self":[{"href":"https:\/\/www.promotio.sk\/cs\/wp-json\/wp\/v2\/product\/11115","targetHints":{"allow":["GET"]}}],"collection":[{"href":"https:\/\/www.promotio.sk\/cs\/wp-json\/wp\/v2\/product"}],"about":[{"href":"https:\/\/www.promotio.sk\/cs\/wp-json\/wp\/v2\/types\/product"}],"replies":[{"embeddable":true,"href":"https:\/\/www.promotio.sk\/cs\/wp-json\/wp\/v2\/comments?post=11115"}],"wp:featuredmedia":[{"embeddable":true,"href":"https:\/\/www.promotio.sk\/cs\/wp-json\/wp\/v2\/media\/11116"}],"wp:attachment":[{"href":"https:\/\/www.promotio.sk\/cs\/wp-json\/wp\/v2\/media?parent=11115"}],"wp:term":[{"taxonomy":"product_cat","embeddable":true,"href":"https:\/\/www.promotio.sk\/cs\/wp-json\/wp\/v2\/product_cat?post=11115"},{"taxonomy":"product_tag","embeddable":true,"href":"https:\/\/www.promotio.sk\/cs\/wp-json\/wp\/v2\/product_tag?post=11115"}],"curies":[{"name":"wp","href":"https:\/\/api.w.org\/{rel}","templated":true}]}}