{"id":11091,"date":"2024-03-07T13:25:29","date_gmt":"2024-03-07T12:25:29","guid":{"rendered":"https:\/\/www.promotio.sk\/shop\/nezaraden\u00e9\/armin\/"},"modified":"2024-03-07T13:26:42","modified_gmt":"2024-03-07T12:26:42","slug":"armin","status":"publish","type":"product","link":"https:\/\/www.promotio.sk\/cs\/shop\/promo-items\/technology\/sound\/armin\/","title":{"rendered":"ARMIN"},"content":{"rendered":"<p>Two-tone wireless speaker with Bluetooth . Body in matte rubber touch finish. The design includes a carry ring, buttons, and matching fabric. It has a power of 3W and a rechargeable battery. Cable included.<br \/>Remarks: Bluetooth version 3.0 + EDR<br \/>\nRecharge Voltage: DC 5V<br \/>\nDob\u00edjec\u00ed lithiov\u00e1 baterie.<br \/>\nOperating distance: up to 10 metresFrequency: 280Hz \u2013 16KHz.<br \/>\nCitlivost: 95 dB \u00b1 2 dB.<br \/>\nV\u00fdstup: 4\u03a9, 3W.<br \/>\nUSB charging cable and Jack included<br \/>\nInstruction manual available in 6 languages: Spanish, English, French, Italian, Portuguese and German.<br \/>\nPrezentace v designov\u00e9m boxu.<\/p>","protected":false},"excerpt":{"rendered":"<p>Two-tone wireless speaker with Bluetooth . Body in matte rubber touch finish. The design includes a carry ring, buttons, and<\/p>","protected":false},"featured_media":11092,"comment_status":"open","ping_status":"closed","template":"","meta":[],"product_cat":[290,286],"product_tag":[],"class_list":{"0":"post-11091","1":"product","2":"type-product","3":"status-publish","4":"has-post-thumbnail","6":"product_cat-sound","7":"product_cat-technology","9":"first","10":"instock","11":"shipping-taxable","12":"purchasable","13":"product-type-variable"},"_links":{"self":[{"href":"https:\/\/www.promotio.sk\/cs\/wp-json\/wp\/v2\/product\/11091","targetHints":{"allow":["GET"]}}],"collection":[{"href":"https:\/\/www.promotio.sk\/cs\/wp-json\/wp\/v2\/product"}],"about":[{"href":"https:\/\/www.promotio.sk\/cs\/wp-json\/wp\/v2\/types\/product"}],"replies":[{"embeddable":true,"href":"https:\/\/www.promotio.sk\/cs\/wp-json\/wp\/v2\/comments?post=11091"}],"wp:featuredmedia":[{"embeddable":true,"href":"https:\/\/www.promotio.sk\/cs\/wp-json\/wp\/v2\/media\/11092"}],"wp:attachment":[{"href":"https:\/\/www.promotio.sk\/cs\/wp-json\/wp\/v2\/media?parent=11091"}],"wp:term":[{"taxonomy":"product_cat","embeddable":true,"href":"https:\/\/www.promotio.sk\/cs\/wp-json\/wp\/v2\/product_cat?post=11091"},{"taxonomy":"product_tag","embeddable":true,"href":"https:\/\/www.promotio.sk\/cs\/wp-json\/wp\/v2\/product_tag?post=11091"}],"curies":[{"name":"wp","href":"https:\/\/api.w.org\/{rel}","templated":true}]}}