{"id":11058,"date":"2024-03-07T13:23:22","date_gmt":"2024-03-07T12:23:22","guid":{"rendered":"https:\/\/www.promotio.sk\/shop\/nezaraden\u00e9\/calvin\/"},"modified":"2024-03-07T13:24:51","modified_gmt":"2024-03-07T12:24:51","slug":"calvin","status":"publish","type":"product","link":"https:\/\/www.promotio.sk\/cs\/shop\/promo-items\/technology\/sound\/calvin\/","title":{"rendered":"CALVIN"},"content":{"rendered":"<p>Wireless speaker with ABS body, resistant to splashing water. You can listen to your favorite music anywhere thanks to its suction cup attachment. It has a hands-free function and 3W of power. Rechargeable battery via Micro USB cable. Cable included. <br \/>Composition: ABS body.<br \/>Remarks: Bluetooth version 3.0<br \/>\nNab\u00edjec\u00ed nap\u011bt\u00ed: DC 5V.<br \/>\nDob\u00edjec\u00ed lithiov\u00e1 baterie.<br \/>\nOperating distance: up to 10 metresFrequency: 150Hz \u2013 20KHz.<br \/>\nSensitivity: 90db \u00b1 2db.<br \/>\nUSB charging cable included<br \/>\nN\u00e1vod k pou\u017eit\u00ed je k dispozici ve 2 jazyc\u00edch: \u0161pan\u011bl\u0161tin\u011b a angli\u010dtin\u011b.<br \/>\nPrezentace v designov\u00e9m boxu.<\/p>","protected":false},"excerpt":{"rendered":"<p>Wireless speaker with ABS body, resistant to splashing water. You can listen to your favorite music anywhere thanks to its<\/p>","protected":false},"featured_media":11059,"comment_status":"open","ping_status":"closed","template":"","meta":[],"product_cat":[290,286],"product_tag":[],"class_list":{"0":"post-11058","1":"product","2":"type-product","3":"status-publish","4":"has-post-thumbnail","6":"product_cat-sound","7":"product_cat-technology","9":"first","10":"instock","11":"shipping-taxable","12":"purchasable","13":"product-type-variable"},"_links":{"self":[{"href":"https:\/\/www.promotio.sk\/cs\/wp-json\/wp\/v2\/product\/11058","targetHints":{"allow":["GET"]}}],"collection":[{"href":"https:\/\/www.promotio.sk\/cs\/wp-json\/wp\/v2\/product"}],"about":[{"href":"https:\/\/www.promotio.sk\/cs\/wp-json\/wp\/v2\/types\/product"}],"replies":[{"embeddable":true,"href":"https:\/\/www.promotio.sk\/cs\/wp-json\/wp\/v2\/comments?post=11058"}],"wp:featuredmedia":[{"embeddable":true,"href":"https:\/\/www.promotio.sk\/cs\/wp-json\/wp\/v2\/media\/11059"}],"wp:attachment":[{"href":"https:\/\/www.promotio.sk\/cs\/wp-json\/wp\/v2\/media?parent=11058"}],"wp:term":[{"taxonomy":"product_cat","embeddable":true,"href":"https:\/\/www.promotio.sk\/cs\/wp-json\/wp\/v2\/product_cat?post=11058"},{"taxonomy":"product_tag","embeddable":true,"href":"https:\/\/www.promotio.sk\/cs\/wp-json\/wp\/v2\/product_tag?post=11058"}],"curies":[{"name":"wp","href":"https:\/\/api.w.org\/{rel}","templated":true}]}}