{"id":11056,"date":"2024-03-07T13:23:20","date_gmt":"2024-03-07T12:23:20","guid":{"rendered":"https:\/\/www.promotio.sk\/shop\/nezaraden\u00e9\/garrix\/"},"modified":"2024-03-07T13:25:24","modified_gmt":"2024-03-07T12:25:24","slug":"garrix","status":"publish","type":"product","link":"https:\/\/www.promotio.sk\/cs\/shop\/promo-items\/technology\/sound\/garrix\/","title":{"rendered":"GARRIX"},"content":{"rendered":"<p>Wireless speaker made with metal body in matte finish. With this speaker, you can listen to your music with bluetooth 3.0, listen to the radio station you want with its FM radio function and talk on your mobile phone with your hands-free. It has a power of 3W and a rechargeable battery. Cable included. <br \/>Composition: Metallic body.<br \/>Remarks: Bluetooth version 2.1 + EDR.<br \/>\nRecharge Voltage: DC 5V<br \/>\nDob\u00edjec\u00ed lithiov\u00e1 baterie.<br \/>\nOperating distance: up to 10 metresFrequency: 280Hz \u2013 16KHz.<br \/>\nCitlivost: 95 dB \u00b1 2 dB.<br \/>\nOutput: 4\u03a9 , 3W.<br \/>\n3.5mm audio cable included. With USB and Micro USB connection.<br \/>\nInstruction manual available in 4 languages: Spanish, English, French, and Italian.Presentation in design box.<\/p>","protected":false},"excerpt":{"rendered":"<p>Wireless speaker made with metal body in matte finish. With this speaker, you can listen to your music with bluetooth<\/p>","protected":false},"featured_media":11057,"comment_status":"open","ping_status":"closed","template":"","meta":[],"product_cat":[290,286],"product_tag":[],"class_list":{"0":"post-11056","1":"product","2":"type-product","3":"status-publish","4":"has-post-thumbnail","6":"product_cat-sound","7":"product_cat-technology","9":"first","10":"instock","11":"shipping-taxable","12":"purchasable","13":"product-type-variable"},"_links":{"self":[{"href":"https:\/\/www.promotio.sk\/cs\/wp-json\/wp\/v2\/product\/11056","targetHints":{"allow":["GET"]}}],"collection":[{"href":"https:\/\/www.promotio.sk\/cs\/wp-json\/wp\/v2\/product"}],"about":[{"href":"https:\/\/www.promotio.sk\/cs\/wp-json\/wp\/v2\/types\/product"}],"replies":[{"embeddable":true,"href":"https:\/\/www.promotio.sk\/cs\/wp-json\/wp\/v2\/comments?post=11056"}],"wp:featuredmedia":[{"embeddable":true,"href":"https:\/\/www.promotio.sk\/cs\/wp-json\/wp\/v2\/media\/11057"}],"wp:attachment":[{"href":"https:\/\/www.promotio.sk\/cs\/wp-json\/wp\/v2\/media?parent=11056"}],"wp:term":[{"taxonomy":"product_cat","embeddable":true,"href":"https:\/\/www.promotio.sk\/cs\/wp-json\/wp\/v2\/product_cat?post=11056"},{"taxonomy":"product_tag","embeddable":true,"href":"https:\/\/www.promotio.sk\/cs\/wp-json\/wp\/v2\/product_tag?post=11056"}],"curies":[{"name":"wp","href":"https:\/\/api.w.org\/{rel}","templated":true}]}}